{"id":11,"date":"2024-01-08T12:17:41","date_gmt":"2024-01-08T11:17:41","guid":{"rendered":"https:\/\/laquijadadellobo.com.mialias.net\/?page_id=11"},"modified":"2024-12-20T12:03:26","modified_gmt":"2024-12-20T11:03:26","slug":"inicio","status":"publish","type":"page","link":"https:\/\/laquijadadellobo.com\/en\/","title":{"rendered":"Home"},"content":{"rendered":"<p>[et_pb_section fb_built=\u00bb1&#8243; custom_padding_last_edited=\u00bbon|desktop\u00bb admin_label=\u00bbHeader\u00bb _builder_version=\u00bb4.24.0&#8243; _module_preset=\u00bbdefault\u00bb background_color=\u00bbrgba(0,0,0,0.16)\u00bb background_image=\u00bbhttps:\/\/laquijadadellobo.com\/wp-content\/uploads\/2024\/03\/5.jpg\u00bb background_blend=\u00bbdarken\u00bb custom_padding=\u00bb7%||7%||true|false\u00bb custom_padding_tablet=\u00bb60px||||false|false\u00bb custom_padding_phone=\u00bb60px||||false|false\u00bb collapsed=\u00bboff\u00bb global_colors_info=\u00bb{}\u00bb][et_pb_row _builder_version=\u00bb4.23.4&#8243; _module_preset=\u00bbdefault\u00bb global_colors_info=\u00bb{}\u00bb][et_pb_column type=\u00bb4_4&#8243; _builder_version=\u00bb4.23.4&#8243; _module_preset=\u00bbdefault\u00bb global_colors_info=\u00bb{}\u00bb][et_pb_image src=\u00bbhttps:\/\/laquijadadellobo.com\/wp-content\/uploads\/2024\/01\/La-Quijada-del-Lobo_logo-09.png\u00bb title_text=\u00bbLa Quijada del Lobo_logo-09&#8243; align=\u00bbcenter\u00bb _builder_version=\u00bb4.23.4&#8243; _module_preset=\u00bbdefault\u00bb global_colors_info=\u00bb{}\u00bb][\/et_pb_image][\/et_pb_column][\/et_pb_row][\/et_pb_section][et_pb_section fb_built=\u00bb1&#8243; admin_label=\u00bbFeatures\u00bb _builder_version=\u00bb4.23.4&#8243; _module_preset=\u00bbdefault\u00bb background_color=\u00bbgcid-e787f6e4-87be-4325-83ae-4380ef468485&#8243; collapsed=\u00bboff\u00bb global_colors_info=\u00bb{%22gcid-e787f6e4-87be-4325-83ae-4380ef468485%22:%91%22background_color%22%93}\u00bb][et_pb_row column_structure=\u00bb3_4,1_4&#8243; _builder_version=\u00bb4.23.4&#8243; _module_preset=\u00bbdefault\u00bb background_enable_color=\u00bboff\u00bb global_colors_info=\u00bb{}\u00bb][et_pb_column type=\u00bb3_4&#8243; _builder_version=\u00bb4.21.0&#8243; _module_preset=\u00bbdefault\u00bb global_colors_info=\u00bb{}\u00bb][et_pb_text _builder_version=\u00bb4.23.4&#8243; _module_preset=\u00bb58c35bb1-625f-41fd-8fda-bc7d94f44dee\u00bb custom_margin=\u00bb-8px||-1px|||\u00bb custom_padding=\u00bb12px||13px|||\u00bb header_2_font_size_phone=\u00bb32px\u00bb locked=\u00bboff\u00bb global_colors_info=\u00bb{}\u00bb]<\/p>\n<h2 class=\"font_2 wixui-rich-text__text\"><span class=\"wixui-rich-text__text\">Bienvendos a la Quijada del Lobo<\/span><\/h2>\n<p>[\/et_pb_text][et_pb_text _builder_version=\u00bb4.24.3&#8243; _module_preset=\u00bb60bb1a96-198d-440e-8a0b-d0b67f939be8&#8243; header_2_font=\u00bbAdamina||||||||\u00bb header_2_font_size=\u00bb24px\u00bb custom_margin=\u00bb||10px||false|false\u00bb locked=\u00bboff\u00bb global_colors_info=\u00bb{}\u00bb]<\/p>\n<h2 class=\"font_2 wixui-rich-text__text\"><span class=\"wixui-rich-text__text\">Un remanso de Paz<\/span><\/h2>\n<p>[\/et_pb_text][et_pb_text _builder_version=\u00bb4.24.0&#8243; _module_preset=\u00bbe697ff11-aa64-4498-b815-0bd95cda2e2d\u00bb text_font=\u00bb||on||||||\u00bb locked=\u00bboff\u00bb global_colors_info=\u00bb{}\u00bb]<\/p>\n<p><span style=\"font-weight: 400;\">Nuestra casa La Quijada del Lobo, se encuentra ubicada en el Valle de Los Molinos, Llerena, Badajoz (Espa\u00f1a).<\/span><\/p>\n<p><span style=\"font-weight: 400;\">Es una preciosa casa de 200m2, con 5 dormitorios de matrimonio, 3 ba\u00f1os completos, un amplio sal\u00f3n-cocina-comedor de 60m2 con chimenea, WIFI, zona de barbacoa, piscina, zona infantil y una miniramp de skate.<\/span><\/p>\n<p><span style=\"font-weight: 400;\">Integrada perfectamente en el entorno, debido al revestimiento de la fachada con piedra caliza de la zona. Rodeada de monta\u00f1as y por la ribera de Los Molinos, donde podr\u00e1n respirar aire puro, escuchar el canto de los p\u00e1jaros, perdices, t\u00f3rtolas, la berrea de los ciervos (venados, como le decimos en la zona) y, sobre todo, estar en una ansiada paz\u00a0 y serenidad, lejano al ruido de nuestras ciudades.\u00a0<\/span><\/p>\n<p><span style=\"font-weight: 400;\">Un lugar perfecto para desconectar del estr\u00e9s, de la rutina y donde poder disfrutar de la conexi\u00f3n con la naturaleza, todo ello, sin renunciar al confort.<\/span><\/p>\n<p><span style=\"color: #0a3b33;\"><strong>\u00a1Las mascotas son bienvenidas!<\/strong><\/span><\/p>\n<p>[\/et_pb_text][et_pb_button button_url=\u00bbhttps:\/\/laquijadadellobo.com\/producto\/la-quijada-del-lobo-casa-rural-completa\/\u00bb button_text=\u00bbver disponibilidad \u00bb button_alignment=\u00bbleft\u00bb _builder_version=\u00bb4.23.4&#8243; _module_preset=\u00bb09ba8ac4-3180-4c38-8419-fd886b692230&#8243; button_text_color=\u00bb#FFFFFF\u00bb button_bg_color=\u00bb#0A3B33&#8243; custom_margin=\u00bb||1px|||\u00bb locked=\u00bboff\u00bb global_colors_info=\u00bb{}\u00bb][\/et_pb_button][\/et_pb_column][et_pb_column type=\u00bb1_4&#8243; _builder_version=\u00bb4.24.0&#8243; _module_preset=\u00bbdefault\u00bb global_colors_info=\u00bb{}\u00bb][et_pb_image src=\u00bbhttps:\/\/laquijadadellobo.com\/wp-content\/uploads\/2024\/03\/4-estrellas.png\u00bb title_text=\u00bb4-estrellas\u00bb _builder_version=\u00bb4.24.0&#8243; _module_preset=\u00bbdefault\u00bb custom_margin=\u00bb||-31px|||\u00bb global_colors_info=\u00bb{}\u00bb][\/et_pb_image][et_pb_text _builder_version=\u00bb4.24.0&#8243; _module_preset=\u00bbdefault\u00bb text_font_size=\u00bb21px\u00bb global_colors_info=\u00bb{}\u00bb]<\/p>\n<p style=\"text-align: center;\"><span style=\"color: #0a3b33;\"><strong><em><span class=\"wixui-rich-text__text\">Categor\u00eda de 4 Estrellas de la Junta de Extremadura<\/span><\/em><\/strong><\/span><\/p>\n<p>[\/et_pb_text][et_pb_image src=\u00bbhttps:\/\/laquijadadellobo.com\/wp-content\/uploads\/2024\/03\/mascotas-ok.png\u00bb title_text=\u00bbmascotas-ok\u00bb _builder_version=\u00bb4.24.0&#8243; _module_preset=\u00bbdefault\u00bb custom_margin=\u00bb||-11px|||\u00bb global_colors_info=\u00bb{}\u00bb][\/et_pb_image][et_pb_text _builder_version=\u00bb4.24.0&#8243; _module_preset=\u00bbdefault\u00bb text_font_size=\u00bb21px\u00bb global_colors_info=\u00bb{}\u00bb]<\/p>\n<p style=\"text-align: center;\"><em><strong><span class=\"wixui-rich-text__text\"><span style=\"color: #0a3b33;\">\u00a1Las mascotas son bienvenidas!<\/span>\u00a0<\/span><\/strong><\/em><\/p>\n<p>[\/et_pb_text][\/et_pb_column][\/et_pb_row][et_pb_row _builder_version=\u00bb4.23.4&#8243; _module_preset=\u00bbdefault\u00bb custom_padding=\u00bb4px||7px|||\u00bb global_colors_info=\u00bb{}\u00bb][et_pb_column type=\u00bb4_4&#8243; _builder_version=\u00bb4.23.4&#8243; _module_preset=\u00bbdefault\u00bb global_colors_info=\u00bb{}\u00bb][et_pb_image src=\u00bbhttps:\/\/laquijadadellobo.com\/wp-content\/uploads\/2024\/01\/ff6bf6_6fcc8089b2894ff0a9008ee22de2e0ba.png\u00bb title_text=\u00bbff6bf6_6fcc8089b2894ff0a9008ee22de2e0ba\u00bb _builder_version=\u00bb4.24.0&#8243; _module_preset=\u00bbdefault\u00bb custom_margin=\u00bb||1px|||\u00bb global_colors_info=\u00bb{}\u00bb][\/et_pb_image][et_pb_image src=\u00bbhttps:\/\/laquijadadellobo.com\/wp-content\/uploads\/2024\/01\/ff6bf6_45d076dc4ef347a0985d0fb5dce61a2c.png\u00bb title_text=\u00bbff6bf6_45d076dc4ef347a0985d0fb5dce61a2c\u00bb align=\u00bbright\u00bb force_fullwidth=\u00bbon\u00bb _builder_version=\u00bb4.23.4&#8243; _module_preset=\u00bbdefault\u00bb global_colors_info=\u00bb{}\u00bb][\/et_pb_image][\/et_pb_column][\/et_pb_row][\/et_pb_section][et_pb_section fb_built=\u00bb1&#8243; admin_label=\u00bbServices\u00bb _builder_version=\u00bb4.21.0&#8243; _module_preset=\u00bbdefault\u00bb collapsed=\u00bbon\u00bb global_colors_info=\u00bb{}\u00bb][et_pb_row _builder_version=\u00bb4.21.0&#8243; _module_preset=\u00bbdefault\u00bb max_width=\u00bb700px\u00bb global_colors_info=\u00bb{}\u00bb][et_pb_column type=\u00bb4_4&#8243; _builder_version=\u00bb4.21.0&#8243; _module_preset=\u00bbdefault\u00bb global_colors_info=\u00bb{}\u00bb][et_pb_text _builder_version=\u00bb4.23.4&#8243; _module_preset=\u00bb58c35bb1-625f-41fd-8fda-bc7d94f44dee\u00bb text_orientation=\u00bbcenter\u00bb header_2_font_size_phone=\u00bb32px\u00bb locked=\u00bboff\u00bb global_colors_info=\u00bb{}\u00bb]<\/p>\n<h2>Nuestros espacios<\/h2>\n<p>[\/et_pb_text][\/et_pb_column][\/et_pb_row][et_pb_row _builder_version=\u00bb4.24.0&#8243; _module_preset=\u00bbdefault\u00bb global_colors_info=\u00bb{}\u00bb][et_pb_column type=\u00bb4_4&#8243; _builder_version=\u00bb4.23.4&#8243; _module_preset=\u00bbdefault\u00bb global_colors_info=\u00bb{}\u00bb][et_pb_gallery _builder_version=\u00bb4.27.4&#8243; _module_preset=\u00bbdefault\u00bb gallery_ids=\u00bb2704,2705,2706,2707,2708,2709,2710,2711,2712,2713,2714,2715,2716,2717,2718,2719,2720,2721,2722,2723,2724,2725,2726,2727,2728,2729,2730,2731,2732,2733,2734,2735,2736,2737,2738,2739,2740,2741&#8243; fullwidth=\u00bbon\u00bb hover_enabled=\u00bb0&#8243; sticky_enabled=\u00bb0&#8243;][\/et_pb_gallery][\/et_pb_column][\/et_pb_row][\/et_pb_section][et_pb_section fb_built=\u00bb1&#8243; admin_label=\u00bbServices\u00bb _builder_version=\u00bb4.23.4&#8243; _module_preset=\u00bbdefault\u00bb background_color=\u00bb#fcf9f6&#8243; collapsed=\u00bbon\u00bb global_colors_info=\u00bb{}\u00bb][et_pb_row column_structure=\u00bb1_5,3_5,1_5&#8243; use_custom_gutter=\u00bbon\u00bb gutter_width=\u00bb2&#8243; _builder_version=\u00bb4.23.4&#8243; _module_preset=\u00bbdefault\u00bb width=\u00bb100%\u00bb max_width=\u00bb71%\u00bb global_colors_info=\u00bb{}\u00bb][et_pb_column type=\u00bb1_5&#8243; _builder_version=\u00bb4.21.0&#8243; _module_preset=\u00bbdefault\u00bb global_colors_info=\u00bb{}\u00bb][et_pb_image src=\u00bbhttps:\/\/laquijadadellobo.com\/wp-content\/uploads\/2024\/01\/ff6bf6_a32982465ed04595a87067d0565333a5-ezgif.com-webp-to-png-converter.png\u00bb title_text=\u00bbff6bf6_a32982465ed04595a87067d0565333a5-ezgif.com-webp-to-png-converter\u00bb disabled_on=\u00bbon|off|off\u00bb _builder_version=\u00bb4.23.4&#8243; _module_preset=\u00bbdefault\u00bb global_colors_info=\u00bb{}\u00bb][\/et_pb_image][\/et_pb_column][et_pb_column type=\u00bb3_5&#8243; _builder_version=\u00bb4.21.0&#8243; _module_preset=\u00bbdefault\u00bb global_colors_info=\u00bb{}\u00bb][et_pb_text _builder_version=\u00bb4.23.4&#8243; _module_preset=\u00bb58c35bb1-625f-41fd-8fda-bc7d94f44dee\u00bb text_orientation=\u00bbcenter\u00bb header_2_font_size_phone=\u00bb32px\u00bb locked=\u00bboff\u00bb global_colors_info=\u00bb{}\u00bb]<\/p>\n<h2>Vista Interior<\/h2>\n<p>[\/et_pb_text][\/et_pb_column][et_pb_column type=\u00bb1_5&#8243; _builder_version=\u00bb4.21.0&#8243; _module_preset=\u00bbdefault\u00bb global_colors_info=\u00bb{}\u00bb][et_pb_image src=\u00bbhttps:\/\/laquijadadellobo.com\/wp-content\/uploads\/2024\/01\/ff6bf6_a32982465ed04595a87067d0565333a5-ezgif.com-webp-to-png-converter.png\u00bb title_text=\u00bbff6bf6_a32982465ed04595a87067d0565333a5-ezgif.com-webp-to-png-converter\u00bb disabled_on=\u00bbon|off|off\u00bb _builder_version=\u00bb4.23.4&#8243; _module_preset=\u00bbdefault\u00bb transform_rotate=\u00bb0deg|180deg|0deg\u00bb global_colors_info=\u00bb{}\u00bb][\/et_pb_image][\/et_pb_column][\/et_pb_row][et_pb_row _builder_version=\u00bb4.23.4&#8243; _module_preset=\u00bbdefault\u00bb global_colors_info=\u00bb{}\u00bb][et_pb_column type=\u00bb4_4&#8243; _builder_version=\u00bb4.23.4&#8243; _module_preset=\u00bbdefault\u00bb global_colors_info=\u00bb{}\u00bb][et_pb_video src=\u00bbhttps:\/\/www.youtube.com\/watch?v=kx8hmuoFVb0&#8243; _builder_version=\u00bb4.27.4&#8243; _module_preset=\u00bbdefault\u00bb hover_enabled=\u00bb0&#8243; global_colors_info=\u00bb{}\u00bb sticky_enabled=\u00bb0&#8243;][\/et_pb_video][et_pb_button button_url=\u00bbhttps:\/\/laquijadadellobo.com\/la-casa\/\u00bb button_text=\u00bbM\u00e1s informaci\u00f3n de la casa\u00bb button_alignment=\u00bbcenter\u00bb _builder_version=\u00bb4.24.3&#8243; _module_preset=\u00bb09ba8ac4-3180-4c38-8419-fd886b692230&#8243; button_text_color=\u00bb#FFFFFF\u00bb button_bg_color=\u00bb#0A3B33&#8243; locked=\u00bboff\u00bb global_colors_info=\u00bb{}\u00bb][\/et_pb_button][\/et_pb_column][\/et_pb_row][\/et_pb_section][et_pb_section fb_built=\u00bb1&#8243; admin_label=\u00bbCall to Action\u00bb _builder_version=\u00bb4.23.4&#8243; _module_preset=\u00bbdefault\u00bb background_color=\u00bbgcid-e787f6e4-87be-4325-83ae-4380ef468485&#8243; custom_padding=\u00bb34px||3px|||\u00bb collapsed=\u00bbon\u00bb global_colors_info=\u00bb{%22gcid-e787f6e4-87be-4325-83ae-4380ef468485%22:%91%22background_color%22%93}\u00bb][et_pb_row column_structure=\u00bb1_3,1_3,1_3&#8243; _builder_version=\u00bb4.21.0&#8243; _module_preset=\u00bbdefault\u00bb custom_padding=\u00bb||||false|false\u00bb global_colors_info=\u00bb{}\u00bb][et_pb_column type=\u00bb1_3&#8243; _builder_version=\u00bb4.23.4&#8243; _module_preset=\u00bbdefault\u00bb global_colors_info=\u00bb{}\u00bb][et_pb_image src=\u00bbhttps:\/\/laquijadadellobo.com\/wp-content\/uploads\/2024\/01\/Group-121.png\u00bb title_text=\u00bbGroup 121&#8243; _builder_version=\u00bb4.23.4&#8243; _module_preset=\u00bbdefault\u00bb custom_margin=\u00bb||7px|||\u00bb global_colors_info=\u00bb{}\u00bb][\/et_pb_image][et_pb_text _builder_version=\u00bb4.24.0&#8243; _module_preset=\u00bb60bb1a96-198d-440e-8a0b-d0b67f939be8&#8243; header_2_font=\u00bbAdamina||||||||\u00bb custom_margin=\u00bb||10px||false|false\u00bb custom_padding=\u00bb13px|||||\u00bb locked=\u00bboff\u00bb global_colors_info=\u00bb{}\u00bb]<\/p>\n<div id=\"bgLayers_comp-li94fwv11\" data-hook=\"bgLayers\" class=\"MW5IWV\">\n<div class=\"VgO9Yg\" style=\"text-align: center;\"><\/div>\n<\/div>\n<h2 class=\"font_2 wixui-rich-text__text\" style=\"text-align: center;\"><span class=\"wixui-rich-text__text\"><span>Ponemos a su disposici\u00f3n una v\u00eda de escape al estr\u00e9s de la ciudad<\/span><\/span><\/h2>\n<p>[\/et_pb_text][\/et_pb_column][et_pb_column type=\u00bb1_3&#8243; _builder_version=\u00bb4.21.0&#8243; _module_preset=\u00bbdefault\u00bb global_colors_info=\u00bb{}\u00bb][et_pb_image src=\u00bbhttps:\/\/laquijadadellobo.com\/wp-content\/uploads\/2024\/01\/ff6bf6_f112b3384a794de99b7a4e1e4bf215ef-3.png\u00bb title_text=\u00bbff6bf6_f112b3384a794de99b7a4e1e4bf215ef 3&#8243; align=\u00bbcenter\u00bb _builder_version=\u00bb4.23.4&#8243; _module_preset=\u00bbdefault\u00bb custom_margin=\u00bb60px||7px|||\u00bb global_colors_info=\u00bb{}\u00bb][\/et_pb_image][et_pb_text _builder_version=\u00bb4.23.4&#8243; _module_preset=\u00bb60bb1a96-198d-440e-8a0b-d0b67f939be8&#8243; header_2_font=\u00bbAdamina||||||||\u00bb custom_margin=\u00bb|-2px|10px||false|false\u00bb custom_padding=\u00bb6px|||||\u00bb locked=\u00bboff\u00bb global_colors_info=\u00bb{}\u00bb]<\/p>\n<div id=\"bgLayers_comp-li94fwv11\" data-hook=\"bgLayers\" class=\"MW5IWV\">\n<div class=\"VgO9Yg\" style=\"text-align: center;\"><\/div>\n<\/div>\n<h2 class=\"font_2 wixui-rich-text__text\" style=\"text-align: center;\"><span class=\"wixui-rich-text__text\"><span>Sienta la conexi\u00f3n con la naturaleza y esc\u00fachela<\/span><\/span><\/h2>\n<p>[\/et_pb_text][\/et_pb_column][et_pb_column type=\u00bb1_3&#8243; _builder_version=\u00bb4.21.0&#8243; _module_preset=\u00bbdefault\u00bb global_colors_info=\u00bb{}\u00bb][et_pb_image src=\u00bbhttps:\/\/laquijadadellobo.com\/wp-content\/uploads\/2024\/01\/Group-120.png\u00bb title_text=\u00bbGroup 120&#8243; align=\u00bbright\u00bb _builder_version=\u00bb4.23.4&#8243; _module_preset=\u00bbdefault\u00bb custom_margin=\u00bb||17px|||\u00bb global_colors_info=\u00bb{}\u00bb][\/et_pb_image][et_pb_text _builder_version=\u00bb4.24.0&#8243; _module_preset=\u00bb60bb1a96-198d-440e-8a0b-d0b67f939be8&#8243; header_2_font=\u00bbAdamina||||||||\u00bb custom_margin=\u00bb||10px||false|false\u00bb custom_padding=\u00bb1px|||||\u00bb locked=\u00bboff\u00bb global_colors_info=\u00bb{}\u00bb]<\/p>\n<div id=\"bgLayers_comp-li94fwv11\" data-hook=\"bgLayers\" class=\"MW5IWV\">\n<div id=\"bgMedia_comp-li94fwv11\" class=\"VgO9Yg\"><\/div>\n<\/div>\n<div data-mesh-id=\"comp-li94fwv11inlineContent\" data-testid=\"inline-content\" class=\"\">\n<div data-mesh-id=\"comp-li94fwv11inlineContent-gridContainer\" data-testid=\"mesh-container-content\">\n<div id=\"i38n8el9_0\" class=\"tI1Qp6 i38n8el9_0\">\n<div class=\"xPEAfP wixui-box\" data-testid=\"container-bg\"><\/div>\n<\/div>\n<\/div>\n<\/div>\n<h2 class=\"font_2 wixui-rich-text__text\" style=\"text-align: center;\"><span class=\"wixui-rich-text__text\"><span>Estamos<\/span><\/span>\u00a0completamente seguros de que repetir\u00e1<\/h2>\n<p>[\/et_pb_text][\/et_pb_column][\/et_pb_row][\/et_pb_section]<\/p>\n","protected":false},"excerpt":{"rendered":"<p>Bienvendos a la Quijada del LoboUn remanso de PazNuestra casa La Quijada del Lobo, se encuentra ubicada en el Valle de Los Molinos, Llerena, Badajoz (Espa\u00f1a). Es una preciosa casa de 200m2, con 5 dormitorios de matrimonio, 3 ba\u00f1os completos, un amplio sal\u00f3n-cocina-comedor de 60m2 con chimenea, WIFI, zona de barbacoa, piscina, zona infantil y [&hellip;]<\/p>\n","protected":false},"author":2,"featured_media":0,"parent":0,"menu_order":0,"comment_status":"closed","ping_status":"closed","template":"","meta":{"_acf_changed":false,"_et_pb_use_builder":"on","_et_pb_old_content":"","_et_gb_content_width":"","inline_featured_image":false,"_joinchat":[],"footnotes":""},"class_list":["post-11","page","type-page","status-publish","hentry"],"acf":[],"yoast_head":"<!-- This site is optimized with the Yoast SEO plugin v27.5 - https:\/\/yoast.com\/product\/yoast-seo-wordpress\/ -->\n<title>Inicio - La Quijada del Lobo<\/title>\n<meta name=\"description\" content=\"Bienvenidos a La Quijada del Lobo, una casa rural en el Valle de Los Molinos, Llerena. Rodeada de naturaleza, con 5 dormitorios y piscina.\" \/>\n<meta name=\"robots\" content=\"index, follow, max-snippet:-1, max-image-preview:large, max-video-preview:-1\" \/>\n<link rel=\"canonical\" href=\"https:\/\/laquijadadellobo.com\/en\/\" \/>\n<meta property=\"og:locale\" content=\"en_GB\" \/>\n<meta property=\"og:type\" content=\"article\" \/>\n<meta property=\"og:title\" content=\"La Quijada del Lobo \ud83d\udc3a\" \/>\n<meta property=\"og:description\" content=\"Bienvenidos a La Quijada del Lobo, una casa en el Valle de Los Molinos, Llerena. Rodeada de naturaleza, con 5 dormitorios y piscina te invita a desconectar del estr\u00e9s y a conectar con tu serenidad.\" \/>\n<meta property=\"og:url\" content=\"https:\/\/laquijadadellobo.com\/en\/\" \/>\n<meta property=\"og:site_name\" content=\"La Quijada del Lobo\" \/>\n<meta property=\"article:modified_time\" content=\"2024-12-20T11:03:26+00:00\" \/>\n<meta property=\"og:image\" content=\"https:\/\/laquijadadellobo.com\/wp-content\/uploads\/2024\/01\/1642262206607.jpg\" \/>\n\t<meta property=\"og:image:width\" content=\"2560\" \/>\n\t<meta property=\"og:image:height\" content=\"1440\" \/>\n\t<meta property=\"og:image:type\" content=\"image\/jpeg\" \/>\n<meta name=\"twitter:card\" content=\"summary_large_image\" \/>\n<meta name=\"twitter:label1\" content=\"Estimated reading time\" \/>\n\t<meta name=\"twitter:data1\" content=\"10 minutes\" \/>\n<script type=\"application\/ld+json\" class=\"yoast-schema-graph\">{\"@context\":\"https:\\\/\\\/schema.org\",\"@graph\":[{\"@type\":\"WebPage\",\"@id\":\"https:\\\/\\\/laquijadadellobo.com\\\/\",\"url\":\"https:\\\/\\\/laquijadadellobo.com\\\/\",\"name\":\"Inicio - La Quijada del Lobo\",\"isPartOf\":{\"@id\":\"https:\\\/\\\/laquijadadellobo.com\\\/#website\"},\"datePublished\":\"2024-01-08T11:17:41+00:00\",\"dateModified\":\"2024-12-20T11:03:26+00:00\",\"description\":\"Bienvenidos a La Quijada del Lobo, una casa rural en el Valle de Los Molinos, Llerena. Rodeada de naturaleza, con 5 dormitorios y piscina.\",\"breadcrumb\":{\"@id\":\"https:\\\/\\\/laquijadadellobo.com\\\/#breadcrumb\"},\"inLanguage\":\"en-GB\",\"potentialAction\":[{\"@type\":\"ReadAction\",\"target\":[\"https:\\\/\\\/laquijadadellobo.com\\\/\"]}]},{\"@type\":\"BreadcrumbList\",\"@id\":\"https:\\\/\\\/laquijadadellobo.com\\\/#breadcrumb\",\"itemListElement\":[{\"@type\":\"ListItem\",\"position\":1,\"name\":\"Portada\",\"item\":\"https:\\\/\\\/laquijadadellobo.com\\\/\"},{\"@type\":\"ListItem\",\"position\":2,\"name\":\"Inicio\"}]},{\"@type\":\"WebSite\",\"@id\":\"https:\\\/\\\/laquijadadellobo.com\\\/#website\",\"url\":\"https:\\\/\\\/laquijadadellobo.com\\\/\",\"name\":\"La Quijada del Lobo\",\"description\":\"Bienvenidos a la Quijada del Lobo, un remanso de Paz. Alojamiento tur\u00edstico en Llerena, Badajoz\",\"potentialAction\":[{\"@type\":\"SearchAction\",\"target\":{\"@type\":\"EntryPoint\",\"urlTemplate\":\"https:\\\/\\\/laquijadadellobo.com\\\/?s={search_term_string}\"},\"query-input\":{\"@type\":\"PropertyValueSpecification\",\"valueRequired\":true,\"valueName\":\"search_term_string\"}}],\"inLanguage\":\"en-GB\"}]}<\/script>\n<!-- \/ Yoast SEO plugin. -->","yoast_head_json":{"title":"Inicio - La Quijada del Lobo","description":"Bienvenidos a La Quijada del Lobo, una casa rural en el Valle de Los Molinos, Llerena. Rodeada de naturaleza, con 5 dormitorios y piscina.","robots":{"index":"index","follow":"follow","max-snippet":"max-snippet:-1","max-image-preview":"max-image-preview:large","max-video-preview":"max-video-preview:-1"},"canonical":"https:\/\/laquijadadellobo.com\/en\/","og_locale":"en_GB","og_type":"article","og_title":"La Quijada del Lobo \ud83d\udc3a","og_description":"Bienvenidos a La Quijada del Lobo, una casa en el Valle de Los Molinos, Llerena. Rodeada de naturaleza, con 5 dormitorios y piscina te invita a desconectar del estr\u00e9s y a conectar con tu serenidad.","og_url":"https:\/\/laquijadadellobo.com\/en\/","og_site_name":"La Quijada del Lobo","article_modified_time":"2024-12-20T11:03:26+00:00","og_image":[{"width":2560,"height":1440,"url":"https:\/\/laquijadadellobo.com\/wp-content\/uploads\/2024\/01\/1642262206607.jpg","type":"image\/jpeg"}],"twitter_card":"summary_large_image","twitter_misc":{"Estimated reading time":"10 minutes"},"schema":{"@context":"https:\/\/schema.org","@graph":[{"@type":"WebPage","@id":"https:\/\/laquijadadellobo.com\/","url":"https:\/\/laquijadadellobo.com\/","name":"Inicio - La Quijada del Lobo","isPartOf":{"@id":"https:\/\/laquijadadellobo.com\/#website"},"datePublished":"2024-01-08T11:17:41+00:00","dateModified":"2024-12-20T11:03:26+00:00","description":"Bienvenidos a La Quijada del Lobo, una casa rural en el Valle de Los Molinos, Llerena. Rodeada de naturaleza, con 5 dormitorios y piscina.","breadcrumb":{"@id":"https:\/\/laquijadadellobo.com\/#breadcrumb"},"inLanguage":"en-GB","potentialAction":[{"@type":"ReadAction","target":["https:\/\/laquijadadellobo.com\/"]}]},{"@type":"BreadcrumbList","@id":"https:\/\/laquijadadellobo.com\/#breadcrumb","itemListElement":[{"@type":"ListItem","position":1,"name":"Portada","item":"https:\/\/laquijadadellobo.com\/"},{"@type":"ListItem","position":2,"name":"Inicio"}]},{"@type":"WebSite","@id":"https:\/\/laquijadadellobo.com\/#website","url":"https:\/\/laquijadadellobo.com\/","name":"La Quijada del Lobo","description":"Bienvenidos a la Quijada del Lobo, un remanso de Paz. Alojamiento tur\u00edstico en Llerena, Badajoz","potentialAction":[{"@type":"SearchAction","target":{"@type":"EntryPoint","urlTemplate":"https:\/\/laquijadadellobo.com\/?s={search_term_string}"},"query-input":{"@type":"PropertyValueSpecification","valueRequired":true,"valueName":"search_term_string"}}],"inLanguage":"en-GB"}]}},"_links":{"self":[{"href":"https:\/\/laquijadadellobo.com\/en\/wp-json\/wp\/v2\/pages\/11","targetHints":{"allow":["GET"]}}],"collection":[{"href":"https:\/\/laquijadadellobo.com\/en\/wp-json\/wp\/v2\/pages"}],"about":[{"href":"https:\/\/laquijadadellobo.com\/en\/wp-json\/wp\/v2\/types\/page"}],"author":[{"embeddable":true,"href":"https:\/\/laquijadadellobo.com\/en\/wp-json\/wp\/v2\/users\/2"}],"replies":[{"embeddable":true,"href":"https:\/\/laquijadadellobo.com\/en\/wp-json\/wp\/v2\/comments?post=11"}],"version-history":[{"count":4,"href":"https:\/\/laquijadadellobo.com\/en\/wp-json\/wp\/v2\/pages\/11\/revisions"}],"predecessor-version":[{"id":2742,"href":"https:\/\/laquijadadellobo.com\/en\/wp-json\/wp\/v2\/pages\/11\/revisions\/2742"}],"wp:attachment":[{"href":"https:\/\/laquijadadellobo.com\/en\/wp-json\/wp\/v2\/media?parent=11"}],"curies":[{"name":"wp","href":"https:\/\/api.w.org\/{rel}","templated":true}]}}