{"id":1437,"date":"2024-01-09T16:30:14","date_gmt":"2024-01-09T15:30:14","guid":{"rendered":"https:\/\/laquijadadellobo.com.mialias.net\/?page_id=1437"},"modified":"2024-06-19T12:00:07","modified_gmt":"2024-06-19T10:00:07","slug":"aviso-legal","status":"publish","type":"page","link":"https:\/\/laquijadadellobo.com\/en\/aviso-legal\/","title":{"rendered":"Legal notice"},"content":{"rendered":"<p>[et_pb_section fb_built=\u00bb1&#8243; admin_label=\u00bbHeader\u00bb _builder_version=\u00bb4.21.0&#8243; _module_preset=\u00bbdefault\u00bb background_color=\u00bbgcid-e787f6e4-87be-4325-83ae-4380ef468485&#8243; custom_padding=\u00bb||0px||false|false\u00bb collapsed=\u00bbon\u00bb global_colors_info=\u00bb{%22gcid-e787f6e4-87be-4325-83ae-4380ef468485%22:%91%22background_color%22%93}\u00bb][et_pb_row _builder_version=\u00bb4.21.0&#8243; _module_preset=\u00bbdefault\u00bb max_width=\u00bb800px\u00bb global_colors_info=\u00bb{}\u00bb][et_pb_column type=\u00bb4_4&#8243; _builder_version=\u00bb4.21.0&#8243; _module_preset=\u00bbdefault\u00bb global_colors_info=\u00bb{}\u00bb][et_pb_text _builder_version=\u00bb4.23.4&#8243; _module_preset=\u00bb6578d8ce-fdd2-4834-b785-59d41c33771a\u00bb header_font=\u00bbPlayfair Display|500|||||||\u00bb header_font_size=\u00bb43px\u00bb text_orientation=\u00bbcenter\u00bb locked=\u00bboff\u00bb global_colors_info=\u00bb{}\u00bb]<\/p>\n<h1><strong><span class=\"wixui-rich-text__text\">\u00a0Aviso Legal<\/span><\/strong><\/h1>\n<p>[\/et_pb_text][et_pb_text _builder_version=\u00bb4.23.4&#8243; _module_preset=\u00bbfab75eca-7985-4b06-a195-97ce200208bf\u00bb text_text_color=\u00bb#000000&#8243; text_orientation=\u00bbcenter\u00bb locked=\u00bboff\u00bb global_colors_info=\u00bb{}\u00bb]<\/p>\n<p><strong><em>LEY DE LOS SERVICIOS DE LA SOCIEDAD DE LA INFORMACI\u00d3N (LSSI)<\/em><\/strong><\/p>\n<p>[\/et_pb_text][\/et_pb_column][\/et_pb_row][\/et_pb_section][et_pb_section fb_built=\u00bb1&#8243; admin_label=\u00bbClasses\u00bb _builder_version=\u00bb4.21.0&#8243; _module_preset=\u00bbdefault\u00bb background_color=\u00bb#fcf9f6&#8243; collapsed=\u00bbon\u00bb global_colors_info=\u00bb{}\u00bb][et_pb_row custom_padding_last_edited=\u00bbon|tablet\u00bb _builder_version=\u00bb4.21.0&#8243; _module_preset=\u00bbdefault\u00bb custom_padding=\u00bb0px|||||\u00bb custom_padding_tablet=\u00bb||0px||false|false\u00bb custom_padding_phone=\u00bb||0px||false|false\u00bb locked=\u00bboff\u00bb global_colors_info=\u00bb{}\u00bb][et_pb_column type=\u00bb4_4&#8243; _builder_version=\u00bb4.21.0&#8243; _module_preset=\u00bbdefault\u00bb global_colors_info=\u00bb{}\u00bb][et_pb_text _builder_version=\u00bb4.24.0&#8243; _module_preset=\u00bb759ac093-9b1f-4776-b9c7-bcaf24b831b8&#8243; text_text_color=\u00bb#000000&#8243; text_line_height=\u00bb1.7em\u00bb header_5_font=\u00bbGeorgia|600|||||||\u00bb header_5_text_color=\u00bb#2a2a2a\u00bb header_5_font_size=\u00bb20px\u00bb header_5_line_height=\u00bb1.4em\u00bb custom_margin=\u00bb||0px||false|false\u00bb header_5_font_size_tablet=\u00bb16px\u00bb header_5_font_size_phone=\u00bb14px\u00bb header_5_font_size_last_edited=\u00bbon|phone\u00bb global_colors_info=\u00bb{}\u00bb]<\/p>\n<p><b>LA QUIJADA DEL LOBO SL<\/b><span style=\"font-weight: 400;\"> responsable del sitio web, en adelante <\/span><b>LA QUIJADA DEL LOBO, <\/b><span style=\"font-weight: 400;\">pone a disposici\u00f3n de los usuarios el presente documento, con el que pretende dar cumplimiento a las obligaciones dispuestas en la Ley 34\/2002, del 11 de julio, de Servicios de la Sociedad de la Informaci\u00f3n y del Comercio Electr\u00f3nico (LSSICE), as\u00ed como informar a todos los usuarios del sitio web respecto a cu\u00e1les son las condiciones de uso.<\/span><\/p>\n<p><span style=\"font-weight: 400;\">Toda persona que acceda a este sitio web asume el papel de usuario, comprometi\u00e9ndose a la observancia y cumplimiento riguroso de las disposiciones aqu\u00ed dispuestas, as\u00ed como a cualquier otran disposici\u00f3n legal que fuera de aplicaci\u00f3n.\u00a0<\/span><\/p>\n<p><b>LA QUIJADA DEL LOBO,<\/b><span style=\"font-weight: 400;\">Se reserva el derecho de modificar cualquier tipo de informaci\u00f3n que pudiera aparecer en el sitio web, sin que exista obligaci\u00f3n de preavisar o poner en conocimiento de los usuarios dichas obligaciones, entendi\u00e9ndose como suficiente con la publicaci\u00f3n en el sitio web de <\/span><b>laquijadadellobo.com<\/b><\/p>\n<ol>\n<li><b> DATOS IDENTIFICATIVOS<\/b><\/li>\n<\/ol>\n<p><span style=\"font-weight: 400;\">Denominaci\u00f3n social:\u00a0 <\/span><b>LA QUIJADA DEL LOBO SL<\/b><\/p>\n<p><span style=\"font-weight: 400;\">Nombre comercial: <\/span><b>LA QUIJADA DEL LOBO CASA RURAL<\/b><\/p>\n<p><span style=\"font-weight: 400;\">Domicilio:<\/span> <b>POL\u00cdGONO 16, PARCELA 39, LOS MOLINOS, CP 06900, LLERENA, BADAJOZ<\/b><\/p>\n<p><span style=\"font-weight: 400;\">e-mail: <\/span><b>LAQUIJADADELLOBO@GMAIL.COM<\/b><\/p>\n<ol start=\"2\">\n<li><b> OBJETO<\/b><\/li>\n<\/ol>\n<p><span style=\"font-weight: 400;\">A trav\u00e9s del Sitio Web, les ofrecemos a los Usuarios la posibilidad de acceder a la informaci\u00f3n sobre nuestros servicios.<\/span><\/p>\n<ol start=\"3\">\n<li><b> PRIVACIDAD Y TRATAMIENTO DE DATOS<\/b><\/li>\n<\/ol>\n<p><span style=\"font-weight: 400;\">Cuando para el acceso a determinados contenidos o servicios sea necesario facilitar datos de car\u00e1cter personal, los Usuarios garantizar\u00e1n su veracidad, exactitud, autenticidad y vigencia. La empresa dar\u00e1 a dichos datos el tratamiento automatizado que corresponda en funci\u00f3n de su naturaleza o finalidad, en los t\u00e9rminos indicados en la secci\u00f3n de Pol\u00edtica de Privacidad.<\/span><\/p>\n<p><span style=\"font-weight: 400;\">Asimismo queda prohibido suprimir, eludir y\/o manipular el \u00abcopyright\u00bb as\u00ed como los dispositivos t\u00e9cnicos de protecci\u00f3n, o cualesquiera mecanismos de informaci\u00f3n que pudieran contener los contenidos. El Usuario de este Espacio Web se compromete a respetar los derechos enunciados y a evitar cualquier actuaci\u00f3n que pudiera perjudicarlos, reserv\u00e1ndose en todo caso la empresa el ejercicio de cuantos medios o acciones legales le correspondan en defensa de sus leg\u00edtimos derechos de propiedad intelectual e industrial.<\/span><\/p>\n<p><span style=\"font-weight: 400;\">La empresa no puede controlar la informaci\u00f3n, contenidos, productos o servicios facilitados por otros Espacios web que tengan establecidos enlaces con destino al Espacio Web.<\/span><\/p>\n<ol start=\"4\">\n<li><b> PROTECCI\u00d3N DE DATOS<\/b><\/li>\n<\/ol>\n<p><span style=\"font-weight: 400;\">Para utilizar algunos de los Servicios, el Usuario debe proporcionar previamente ciertos datos de car\u00e1cter personal. La empresa tratar\u00e1 autom\u00e1ticamente estos datos y aplicar\u00e1 las correspondientes medidas de seguridad, todo ello en cumplimiento del RGPD, LOPDGDD y LSSI. El Usuario puede acceder a la pol\u00edtica seguida en el tratamiento de los datos personales, as\u00ed como el establecimiento de las finalidades previamente establecidas, en las condiciones definidas en la Pol\u00edtica de Privacidad.<\/span><\/p>\n<ol start=\"5\">\n<li><b> COOKIES<\/b><\/li>\n<\/ol>\n<p><span style=\"font-weight: 400;\">La empresa se reserva el derecho de utilizar la tecnolog\u00eda \u201ccookie\u201d en el Espacio Web, a fin de reconocerlo como Usuario frecuente y personalizar el uso que realice del Espacio Web mediante la preselecci\u00f3n de su idioma, o contenidos m\u00e1s deseados o espec\u00edficos.<\/span><\/p>\n<p><span style=\"font-weight: 400;\">Las cookies recopilan la direcci\u00f3n <\/span><a href=\"https:\/\/ceporros.com\/\"><span style=\"font-weight: 400;\">IP<\/span><\/a><span style=\"font-weight: 400;\"> del usuario siendo <\/span><a href=\"https:\/\/presencialismo.com\/\"><span style=\"font-weight: 400;\">Google<\/span><\/a><span style=\"font-weight: 400;\"> el responsable del tratamiento de esta informaci\u00f3n.<\/span><\/p>\n<p><span style=\"font-weight: 400;\">Las cookies son ficheros enviados a un navegador, por medio de un servidor Web, para registrar la navegaci\u00f3n del Usuario en el Espacio Web, cuando el Usuario permita su recepci\u00f3n. Si usted lo desea puede configurar su navegador para ser avisado en pantalla de la recepci\u00f3n de cookies y para impedir la instalaci\u00f3n de cookies en su disco duro. Por favor consulte las instrucciones y manuales de su navegador para ampliar esta informaci\u00f3n.<\/span><\/p>\n<p><span style=\"font-weight: 400;\">Gracias a las cookies, resulta posible que se pueda reconocer el navegador del ordenador utilizado por el Usuario con la finalidad de facilitar contenidos y ofrecer las preferencias de navegaci\u00f3n u publicitarias que el Usuario, a los perfiles demogr\u00e1ficos de los Usuarios as\u00ed como para medir las visitas y par\u00e1metros del tr\u00e1fico, controlar el progreso y n\u00famero de entradas.<\/span><\/p>\n<ol start=\"6\">\n<li><b> DECLARACIONES Y GARANT\u00cdAS<\/b><\/li>\n<\/ol>\n<p><span style=\"font-weight: 400;\">En general, los contenidos y servicios ofrecidos en el Espacio Web tienen car\u00e1cter meramente informativo. Por consiguiente, al ofrecerlos, no se otorga garant\u00eda ni declaraci\u00f3n alguna en relaci\u00f3n con los contenidos y servicios ofrecidos en el Espacio web, incluyendo, a t\u00edtulo enunciativo, garant\u00edas de licitud, fiabilidad, utilidad, veracidad, exactitud, o comerciabilidad, salvo en la medida en que por ley no puedan excluirse tales declaraciones y garant\u00edas.<\/span><\/p>\n<ol start=\"7\">\n<li><b> FUERZA MAYOR<\/b><\/li>\n<\/ol>\n<p><span style=\"font-weight: 400;\">La empresa no ser\u00e1 responsable en todo en caso de imposibilidad de prestar servicio, si \u00e9sta se debe a interrupciones prolongadas del suministro el\u00e9ctrico, l\u00edneas de telecomunicaciones, conflictos sociales, huelgas, rebeli\u00f3n, explosiones, inundaciones, actos y omisiones del Gobierno, y en general todos los supuestos de fuerza mayor o de caso fortuito.<\/span><\/p>\n<ol start=\"8\">\n<li><b> RESOLUCI\u00d3N DE CONTROVERSIAS. LEY APLICABLE Y JURISDICCI\u00d3N<\/b><\/li>\n<\/ol>\n<p><span style=\"font-weight: 400;\">Las presentes Condiciones Generales de Uso, as\u00ed como el uso del Espacio Web, se regir\u00e1n por la legislaci\u00f3n espa\u00f1ola. Para la resoluci\u00f3n de cualquier controversia las partes se someter\u00e1n a los Juzgados y Tribunales del domicilio social del Responsable del sitio web.<\/span><\/p>\n<p><span style=\"font-weight: 400;\">En el supuesto de que cualquier estipulaci\u00f3n de las presentes Condiciones Generales de Uso resultara inexigible o nula en virtud de la legislaci\u00f3n aplicable o como consecuencia de una resoluci\u00f3n judicial o administrativa, dicha inexigibilidad o nulidad no har\u00e1 que las presentes Condiciones Generales de Uso resulten inexigibles o nulas en su conjunto. En dichos casos, la empresa proceder\u00e1 a la modificaci\u00f3n o sustituci\u00f3n de dicha estipulaci\u00f3n por otra que sea v\u00e1lida y exigible y que, en la medida de lo posible, consiga el objetivo y pretensi\u00f3n reflejados en la estipulaci\u00f3n original.<\/span><\/p>\n<p>[\/et_pb_text][\/et_pb_column][\/et_pb_row][\/et_pb_section]<\/p>\n","protected":false},"excerpt":{"rendered":"<p>\u00a0Aviso LegalLEY DE LOS SERVICIOS DE LA SOCIEDAD DE LA INFORMACI\u00d3N (LSSI)LA QUIJADA DEL LOBO SL responsable del sitio web, en adelante LA QUIJADA DEL LOBO, pone a disposici\u00f3n de los usuarios el presente documento, con el que pretende dar cumplimiento a las obligaciones dispuestas en la Ley 34\/2002, del 11 de julio, de Servicios [&hellip;]<\/p>\n","protected":false},"author":2,"featured_media":0,"parent":0,"menu_order":0,"comment_status":"closed","ping_status":"closed","template":"","meta":{"_acf_changed":false,"_et_pb_use_builder":"on","_et_pb_old_content":"","_et_gb_content_width":"","inline_featured_image":false,"_joinchat":[],"footnotes":""},"class_list":["post-1437","page","type-page","status-publish","hentry"],"acf":[],"yoast_head":"<!-- This site is optimized with the Yoast SEO plugin v27.5 - https:\/\/yoast.com\/product\/yoast-seo-wordpress\/ -->\n<title>Aviso Legal - La Quijada del Lobo<\/title>\n<meta name=\"robots\" content=\"noindex, nofollow\" \/>\n<meta property=\"og:locale\" content=\"en_GB\" \/>\n<meta property=\"og:type\" content=\"article\" \/>\n<meta property=\"og:title\" content=\"Aviso Legal - La Quijada del Lobo\" \/>\n<meta property=\"og:description\" content=\"\u00a0Aviso LegalLEY DE LOS SERVICIOS DE LA SOCIEDAD DE LA INFORMACI\u00d3N (LSSI)LA QUIJADA DEL LOBO SL responsable del sitio web, en adelante LA QUIJADA DEL LOBO, pone a disposici\u00f3n de los usuarios el presente documento, con el que pretende dar cumplimiento a las obligaciones dispuestas en la Ley 34\/2002, del 11 de julio, de Servicios [&hellip;]\" \/>\n<meta property=\"og:url\" content=\"https:\/\/laquijadadellobo.com\/en\/aviso-legal\/\" \/>\n<meta property=\"og:site_name\" content=\"La Quijada del Lobo\" \/>\n<meta property=\"article:modified_time\" content=\"2024-06-19T10:00:07+00:00\" \/>\n<meta name=\"twitter:card\" content=\"summary_large_image\" \/>\n<meta name=\"twitter:label1\" content=\"Estimated reading time\" \/>\n\t<meta name=\"twitter:data1\" content=\"5 minutes\" \/>\n<script type=\"application\/ld+json\" class=\"yoast-schema-graph\">{\"@context\":\"https:\\\/\\\/schema.org\",\"@graph\":[{\"@type\":\"WebPage\",\"@id\":\"https:\\\/\\\/laquijadadellobo.com\\\/aviso-legal\\\/\",\"url\":\"https:\\\/\\\/laquijadadellobo.com\\\/aviso-legal\\\/\",\"name\":\"Aviso Legal - La Quijada del Lobo\",\"isPartOf\":{\"@id\":\"https:\\\/\\\/laquijadadellobo.com\\\/#website\"},\"datePublished\":\"2024-01-09T15:30:14+00:00\",\"dateModified\":\"2024-06-19T10:00:07+00:00\",\"breadcrumb\":{\"@id\":\"https:\\\/\\\/laquijadadellobo.com\\\/aviso-legal\\\/#breadcrumb\"},\"inLanguage\":\"en-GB\",\"potentialAction\":[{\"@type\":\"ReadAction\",\"target\":[\"https:\\\/\\\/laquijadadellobo.com\\\/aviso-legal\\\/\"]}]},{\"@type\":\"BreadcrumbList\",\"@id\":\"https:\\\/\\\/laquijadadellobo.com\\\/aviso-legal\\\/#breadcrumb\",\"itemListElement\":[{\"@type\":\"ListItem\",\"position\":1,\"name\":\"Portada\",\"item\":\"https:\\\/\\\/laquijadadellobo.com\\\/\"},{\"@type\":\"ListItem\",\"position\":2,\"name\":\"Aviso Legal\"}]},{\"@type\":\"WebSite\",\"@id\":\"https:\\\/\\\/laquijadadellobo.com\\\/#website\",\"url\":\"https:\\\/\\\/laquijadadellobo.com\\\/\",\"name\":\"La Quijada del Lobo\",\"description\":\"Bienvenidos a la Quijada del Lobo, un remanso de Paz. Alojamiento tur\u00edstico en Llerena, Badajoz\",\"potentialAction\":[{\"@type\":\"SearchAction\",\"target\":{\"@type\":\"EntryPoint\",\"urlTemplate\":\"https:\\\/\\\/laquijadadellobo.com\\\/?s={search_term_string}\"},\"query-input\":{\"@type\":\"PropertyValueSpecification\",\"valueRequired\":true,\"valueName\":\"search_term_string\"}}],\"inLanguage\":\"en-GB\"}]}<\/script>\n<!-- \/ Yoast SEO plugin. -->","yoast_head_json":{"title":"Aviso Legal - La Quijada del Lobo","robots":{"index":"noindex","follow":"nofollow"},"og_locale":"en_GB","og_type":"article","og_title":"Aviso Legal - La Quijada del Lobo","og_description":"\u00a0Aviso LegalLEY DE LOS SERVICIOS DE LA SOCIEDAD DE LA INFORMACI\u00d3N (LSSI)LA QUIJADA DEL LOBO SL responsable del sitio web, en adelante LA QUIJADA DEL LOBO, pone a disposici\u00f3n de los usuarios el presente documento, con el que pretende dar cumplimiento a las obligaciones dispuestas en la Ley 34\/2002, del 11 de julio, de Servicios [&hellip;]","og_url":"https:\/\/laquijadadellobo.com\/en\/aviso-legal\/","og_site_name":"La Quijada del Lobo","article_modified_time":"2024-06-19T10:00:07+00:00","twitter_card":"summary_large_image","twitter_misc":{"Estimated reading time":"5 minutes"},"schema":{"@context":"https:\/\/schema.org","@graph":[{"@type":"WebPage","@id":"https:\/\/laquijadadellobo.com\/aviso-legal\/","url":"https:\/\/laquijadadellobo.com\/aviso-legal\/","name":"Aviso Legal - La Quijada del Lobo","isPartOf":{"@id":"https:\/\/laquijadadellobo.com\/#website"},"datePublished":"2024-01-09T15:30:14+00:00","dateModified":"2024-06-19T10:00:07+00:00","breadcrumb":{"@id":"https:\/\/laquijadadellobo.com\/aviso-legal\/#breadcrumb"},"inLanguage":"en-GB","potentialAction":[{"@type":"ReadAction","target":["https:\/\/laquijadadellobo.com\/aviso-legal\/"]}]},{"@type":"BreadcrumbList","@id":"https:\/\/laquijadadellobo.com\/aviso-legal\/#breadcrumb","itemListElement":[{"@type":"ListItem","position":1,"name":"Portada","item":"https:\/\/laquijadadellobo.com\/"},{"@type":"ListItem","position":2,"name":"Aviso Legal"}]},{"@type":"WebSite","@id":"https:\/\/laquijadadellobo.com\/#website","url":"https:\/\/laquijadadellobo.com\/","name":"La Quijada del Lobo","description":"Bienvenidos a la Quijada del Lobo, un remanso de Paz. Alojamiento tur\u00edstico en Llerena, Badajoz","potentialAction":[{"@type":"SearchAction","target":{"@type":"EntryPoint","urlTemplate":"https:\/\/laquijadadellobo.com\/?s={search_term_string}"},"query-input":{"@type":"PropertyValueSpecification","valueRequired":true,"valueName":"search_term_string"}}],"inLanguage":"en-GB"}]}},"_links":{"self":[{"href":"https:\/\/laquijadadellobo.com\/en\/wp-json\/wp\/v2\/pages\/1437","targetHints":{"allow":["GET"]}}],"collection":[{"href":"https:\/\/laquijadadellobo.com\/en\/wp-json\/wp\/v2\/pages"}],"about":[{"href":"https:\/\/laquijadadellobo.com\/en\/wp-json\/wp\/v2\/types\/page"}],"author":[{"embeddable":true,"href":"https:\/\/laquijadadellobo.com\/en\/wp-json\/wp\/v2\/users\/2"}],"replies":[{"embeddable":true,"href":"https:\/\/laquijadadellobo.com\/en\/wp-json\/wp\/v2\/comments?post=1437"}],"version-history":[{"count":0,"href":"https:\/\/laquijadadellobo.com\/en\/wp-json\/wp\/v2\/pages\/1437\/revisions"}],"wp:attachment":[{"href":"https:\/\/laquijadadellobo.com\/en\/wp-json\/wp\/v2\/media?parent=1437"}],"curies":[{"name":"wp","href":"https:\/\/api.w.org\/{rel}","templated":true}]}}