{"id":1994,"date":"2024-03-21T13:50:19","date_gmt":"2024-03-21T12:50:19","guid":{"rendered":"https:\/\/laquijadadellobo.com.mialias.net\/?page_id=1994"},"modified":"2024-05-03T10:44:36","modified_gmt":"2024-05-03T08:44:36","slug":"politica-de-cancelacion","status":"publish","type":"page","link":"https:\/\/laquijadadellobo.com\/en\/politica-de-cancelacion\/","title":{"rendered":"Cancellation Policy"},"content":{"rendered":"<p>[et_pb_section fb_built=\u00bb1&#8243; admin_label=\u00bbHeader\u00bb _builder_version=\u00bb4.21.0&#8243; _module_preset=\u00bbdefault\u00bb background_color=\u00bbgcid-e787f6e4-87be-4325-83ae-4380ef468485&#8243; custom_padding=\u00bb||0px||false|false\u00bb collapsed=\u00bbon\u00bb global_colors_info=\u00bb{%22gcid-e787f6e4-87be-4325-83ae-4380ef468485%22:%91%22background_color%22%93}\u00bb][et_pb_row _builder_version=\u00bb4.21.0&#8243; _module_preset=\u00bbdefault\u00bb max_width=\u00bb800px\u00bb global_colors_info=\u00bb{}\u00bb][et_pb_column type=\u00bb4_4&#8243; _builder_version=\u00bb4.21.0&#8243; _module_preset=\u00bbdefault\u00bb global_colors_info=\u00bb{}\u00bb][et_pb_text _builder_version=\u00bb4.24.0&#8243; _module_preset=\u00bb6578d8ce-fdd2-4834-b785-59d41c33771a\u00bb header_font=\u00bbPlayfair Display|500|||||||\u00bb header_text_color=\u00bbgcid-4a53c4f2-10a4-4df5-aae5-66892dee9e02&#8243; header_font_size=\u00bb43px\u00bb text_orientation=\u00bbcenter\u00bb locked=\u00bboff\u00bb global_colors_info=\u00bb{}\u00bb]<\/p>\n<h1><strong>Pol\u00edtica de Cancelaci\u00f3n<\/strong><\/h1>\n<p>[\/et_pb_text][\/et_pb_column][\/et_pb_row][\/et_pb_section][et_pb_section fb_built=\u00bb1&#8243; admin_label=\u00bbClasses\u00bb _builder_version=\u00bb4.21.0&#8243; _module_preset=\u00bbdefault\u00bb background_color=\u00bb#fcf9f6&#8243; collapsed=\u00bbon\u00bb global_colors_info=\u00bb{}\u00bb][et_pb_row custom_padding_last_edited=\u00bbon|tablet\u00bb _builder_version=\u00bb4.21.0&#8243; _module_preset=\u00bbdefault\u00bb custom_padding=\u00bb0px|||||\u00bb custom_padding_tablet=\u00bb||0px||false|false\u00bb custom_padding_phone=\u00bb||0px||false|false\u00bb locked=\u00bboff\u00bb global_colors_info=\u00bb{}\u00bb][et_pb_column type=\u00bb4_4&#8243; _builder_version=\u00bb4.21.0&#8243; _module_preset=\u00bbdefault\u00bb global_colors_info=\u00bb{}\u00bb][et_pb_text _builder_version=\u00bb4.24.3&#8243; _module_preset=\u00bb759ac093-9b1f-4776-b9c7-bcaf24b831b8&#8243; text_text_color=\u00bb#000000&#8243; text_line_height=\u00bb1.7em\u00bb header_5_font=\u00bbGeorgia|600|||||||\u00bb header_5_text_color=\u00bb#2a2a2a\u00bb header_5_font_size=\u00bb20px\u00bb header_5_line_height=\u00bb1.4em\u00bb custom_margin=\u00bb||0px||false|false\u00bb hover_enabled=\u00bb0&#8243; header_5_font_size_tablet=\u00bb16px\u00bb header_5_font_size_phone=\u00bb14px\u00bb header_5_font_size_last_edited=\u00bbon|phone\u00bb global_colors_info=\u00bb{}\u00bb sticky_enabled=\u00bb0&#8243;]<\/p>\n<p><span style=\"font-weight: 400;\">Las reservas confirmadas solo pueden ser canceladas o modificadas en fecha por el titular de la reserva bajo los siguientes t\u00e9rminos:<\/span><\/p>\n<p><span style=\"font-weight: 400;\">Todas las cancelaciones o cambios de fecha deben solicitarse por correo electr\u00f3nico; no se aceptar\u00e1n solicitudes por WhatsApp o tel\u00e9fono.<\/span><\/p>\n<p><span style=\"font-weight: 400;\">La devoluci\u00f3n del dep\u00f3sito se realizar\u00e1 en la misma cuenta desde la cual se realiz\u00f3 la reserva, pero debido a las normativas de protecci\u00f3n de datos, se deber\u00e1 comunicar nuevamente, ya que los bancos no permiten proporcionar esa informaci\u00f3n.<\/span><\/p>\n<p><span style=\"font-weight: 400;\">Cancelaciones con m\u00e1s de 2 meses de antelaci\u00f3n a la fecha de llegada tendr\u00e1n un reembolso total, menos la comisi\u00f3n bancaria por transferencia. En caso de cambio<\/span><\/p>\n<p><span style=\"font-weight: 400;\">de fecha a un periodo m\u00e1s costoso, se solicitar\u00e1 el pago de la diferencia por transferencia.<\/span><\/p>\n<p><span style=\"font-weight: 400;\">Cancelaciones con al menos 30 d\u00edas de antelaci\u00f3n a la fecha de llegada tendr\u00e1n un reembolso, menos una penalizaci\u00f3n de 60 \u20ac. En caso de cambio de fecha a un periodo m\u00e1s costoso, se solicitar\u00e1 el pago de la diferencia por transferencia.<\/span><\/p>\n<p><span style=\"font-weight: 400;\">Cancelaciones en un periodo de 30 a 15 d\u00edas antes de la fecha de llegada incurrir\u00e1n en una penalizaci\u00f3n de 300 \u20ac. En caso de cambio de fecha a un periodo m\u00e1s costoso, se solicitar\u00e1 el pago de la diferencia por transferencia.<\/span><\/p>\n<p><span style=\"font-weight: 400;\">Cancelaciones con menos de 14 d\u00edas a la fecha de llegada no tendr\u00e1n reembolso ni posibilidad de cambio de fecha.<\/span><\/p>\n<p><span style=\"font-weight: 400;\">Haremos todo lo posible por reprogramar su reserva en otra fecha; por lo tanto, le instamos a comunicarnos su situaci\u00f3n por correo electr\u00f3nico lo antes posible.<\/span><\/p>\n<p><b>****Deciros que somos muy comprensivos y ofertaremos de nuevo la fecha, y si saliera el alquiler, devolver\u00edamos \u00edntegramente el importe de la reserva, aunque estemos en la misma semana de dicha reserva ****<\/b><\/p>\n<p><span style=\"font-weight: 400;\">Agradecemos su comprensi\u00f3n.<\/span><\/p>\n<p>[\/et_pb_text][\/et_pb_column][\/et_pb_row][\/et_pb_section]<\/p>\n","protected":false},"excerpt":{"rendered":"<p>Pol\u00edtica de Cancelaci\u00f3nLas reservas confirmadas solo pueden ser canceladas o modificadas en fecha por el titular de la reserva bajo los siguientes t\u00e9rminos: Todas las cancelaciones o cambios de fecha deben solicitarse por correo electr\u00f3nico; no se aceptar\u00e1n solicitudes por WhatsApp o tel\u00e9fono. La devoluci\u00f3n del dep\u00f3sito se realizar\u00e1 en la misma cuenta desde la [&hellip;]<\/p>\n","protected":false},"author":2,"featured_media":0,"parent":0,"menu_order":0,"comment_status":"closed","ping_status":"closed","template":"","meta":{"_acf_changed":false,"_et_pb_use_builder":"on","_et_pb_old_content":"","_et_gb_content_width":"","inline_featured_image":false,"_joinchat":[],"footnotes":""},"class_list":["post-1994","page","type-page","status-publish","hentry"],"acf":[],"yoast_head":"<!-- This site is optimized with the Yoast SEO plugin v27.5 - https:\/\/yoast.com\/product\/yoast-seo-wordpress\/ -->\n<title>Pol\u00edtica de Cancelaci\u00f3n - La Quijada del Lobo<\/title>\n<meta name=\"robots\" content=\"index, follow, max-snippet:-1, max-image-preview:large, max-video-preview:-1\" \/>\n<link rel=\"canonical\" href=\"https:\/\/laquijadadellobo.com\/en\/politica-de-cancelacion\/\" \/>\n<meta property=\"og:locale\" content=\"en_GB\" \/>\n<meta property=\"og:type\" content=\"article\" \/>\n<meta property=\"og:title\" content=\"Pol\u00edtica de Cancelaci\u00f3n - La Quijada del Lobo\" \/>\n<meta property=\"og:description\" content=\"Pol\u00edtica de Cancelaci\u00f3nLas reservas confirmadas solo pueden ser canceladas o modificadas en fecha por el titular de la reserva bajo los siguientes t\u00e9rminos: Todas las cancelaciones o cambios de fecha deben solicitarse por correo electr\u00f3nico; no se aceptar\u00e1n solicitudes por WhatsApp o tel\u00e9fono. La devoluci\u00f3n del dep\u00f3sito se realizar\u00e1 en la misma cuenta desde la [&hellip;]\" \/>\n<meta property=\"og:url\" content=\"https:\/\/laquijadadellobo.com\/en\/politica-de-cancelacion\/\" \/>\n<meta property=\"og:site_name\" content=\"La Quijada del Lobo\" \/>\n<meta property=\"article:modified_time\" content=\"2024-05-03T08:44:36+00:00\" \/>\n<meta name=\"twitter:card\" content=\"summary_large_image\" \/>\n<meta name=\"twitter:label1\" content=\"Estimated reading time\" \/>\n\t<meta name=\"twitter:data1\" content=\"5 minutes\" \/>\n<script type=\"application\/ld+json\" class=\"yoast-schema-graph\">{\"@context\":\"https:\\\/\\\/schema.org\",\"@graph\":[{\"@type\":\"WebPage\",\"@id\":\"https:\\\/\\\/laquijadadellobo.com\\\/politica-de-cancelacion\\\/\",\"url\":\"https:\\\/\\\/laquijadadellobo.com\\\/politica-de-cancelacion\\\/\",\"name\":\"Pol\u00edtica de Cancelaci\u00f3n - La Quijada del Lobo\",\"isPartOf\":{\"@id\":\"https:\\\/\\\/laquijadadellobo.com\\\/#website\"},\"datePublished\":\"2024-03-21T12:50:19+00:00\",\"dateModified\":\"2024-05-03T08:44:36+00:00\",\"breadcrumb\":{\"@id\":\"https:\\\/\\\/laquijadadellobo.com\\\/politica-de-cancelacion\\\/#breadcrumb\"},\"inLanguage\":\"en-GB\",\"potentialAction\":[{\"@type\":\"ReadAction\",\"target\":[\"https:\\\/\\\/laquijadadellobo.com\\\/politica-de-cancelacion\\\/\"]}]},{\"@type\":\"BreadcrumbList\",\"@id\":\"https:\\\/\\\/laquijadadellobo.com\\\/politica-de-cancelacion\\\/#breadcrumb\",\"itemListElement\":[{\"@type\":\"ListItem\",\"position\":1,\"name\":\"Portada\",\"item\":\"https:\\\/\\\/laquijadadellobo.com\\\/\"},{\"@type\":\"ListItem\",\"position\":2,\"name\":\"Pol\u00edtica de Cancelaci\u00f3n\"}]},{\"@type\":\"WebSite\",\"@id\":\"https:\\\/\\\/laquijadadellobo.com\\\/#website\",\"url\":\"https:\\\/\\\/laquijadadellobo.com\\\/\",\"name\":\"La Quijada del Lobo\",\"description\":\"Bienvenidos a la Quijada del Lobo, un remanso de Paz. Alojamiento tur\u00edstico en Llerena, Badajoz\",\"potentialAction\":[{\"@type\":\"SearchAction\",\"target\":{\"@type\":\"EntryPoint\",\"urlTemplate\":\"https:\\\/\\\/laquijadadellobo.com\\\/?s={search_term_string}\"},\"query-input\":{\"@type\":\"PropertyValueSpecification\",\"valueRequired\":true,\"valueName\":\"search_term_string\"}}],\"inLanguage\":\"en-GB\"}]}<\/script>\n<!-- \/ Yoast SEO plugin. -->","yoast_head_json":{"title":"Pol\u00edtica de Cancelaci\u00f3n - La Quijada del Lobo","robots":{"index":"index","follow":"follow","max-snippet":"max-snippet:-1","max-image-preview":"max-image-preview:large","max-video-preview":"max-video-preview:-1"},"canonical":"https:\/\/laquijadadellobo.com\/en\/politica-de-cancelacion\/","og_locale":"en_GB","og_type":"article","og_title":"Pol\u00edtica de Cancelaci\u00f3n - La Quijada del Lobo","og_description":"Pol\u00edtica de Cancelaci\u00f3nLas reservas confirmadas solo pueden ser canceladas o modificadas en fecha por el titular de la reserva bajo los siguientes t\u00e9rminos: Todas las cancelaciones o cambios de fecha deben solicitarse por correo electr\u00f3nico; no se aceptar\u00e1n solicitudes por WhatsApp o tel\u00e9fono. La devoluci\u00f3n del dep\u00f3sito se realizar\u00e1 en la misma cuenta desde la [&hellip;]","og_url":"https:\/\/laquijadadellobo.com\/en\/politica-de-cancelacion\/","og_site_name":"La Quijada del Lobo","article_modified_time":"2024-05-03T08:44:36+00:00","twitter_card":"summary_large_image","twitter_misc":{"Estimated reading time":"5 minutes"},"schema":{"@context":"https:\/\/schema.org","@graph":[{"@type":"WebPage","@id":"https:\/\/laquijadadellobo.com\/politica-de-cancelacion\/","url":"https:\/\/laquijadadellobo.com\/politica-de-cancelacion\/","name":"Pol\u00edtica de Cancelaci\u00f3n - La Quijada del Lobo","isPartOf":{"@id":"https:\/\/laquijadadellobo.com\/#website"},"datePublished":"2024-03-21T12:50:19+00:00","dateModified":"2024-05-03T08:44:36+00:00","breadcrumb":{"@id":"https:\/\/laquijadadellobo.com\/politica-de-cancelacion\/#breadcrumb"},"inLanguage":"en-GB","potentialAction":[{"@type":"ReadAction","target":["https:\/\/laquijadadellobo.com\/politica-de-cancelacion\/"]}]},{"@type":"BreadcrumbList","@id":"https:\/\/laquijadadellobo.com\/politica-de-cancelacion\/#breadcrumb","itemListElement":[{"@type":"ListItem","position":1,"name":"Portada","item":"https:\/\/laquijadadellobo.com\/"},{"@type":"ListItem","position":2,"name":"Pol\u00edtica de Cancelaci\u00f3n"}]},{"@type":"WebSite","@id":"https:\/\/laquijadadellobo.com\/#website","url":"https:\/\/laquijadadellobo.com\/","name":"La Quijada del Lobo","description":"Bienvenidos a la Quijada del Lobo, un remanso de Paz. Alojamiento tur\u00edstico en Llerena, Badajoz","potentialAction":[{"@type":"SearchAction","target":{"@type":"EntryPoint","urlTemplate":"https:\/\/laquijadadellobo.com\/?s={search_term_string}"},"query-input":{"@type":"PropertyValueSpecification","valueRequired":true,"valueName":"search_term_string"}}],"inLanguage":"en-GB"}]}},"_links":{"self":[{"href":"https:\/\/laquijadadellobo.com\/en\/wp-json\/wp\/v2\/pages\/1994","targetHints":{"allow":["GET"]}}],"collection":[{"href":"https:\/\/laquijadadellobo.com\/en\/wp-json\/wp\/v2\/pages"}],"about":[{"href":"https:\/\/laquijadadellobo.com\/en\/wp-json\/wp\/v2\/types\/page"}],"author":[{"embeddable":true,"href":"https:\/\/laquijadadellobo.com\/en\/wp-json\/wp\/v2\/users\/2"}],"replies":[{"embeddable":true,"href":"https:\/\/laquijadadellobo.com\/en\/wp-json\/wp\/v2\/comments?post=1994"}],"version-history":[{"count":0,"href":"https:\/\/laquijadadellobo.com\/en\/wp-json\/wp\/v2\/pages\/1994\/revisions"}],"wp:attachment":[{"href":"https:\/\/laquijadadellobo.com\/en\/wp-json\/wp\/v2\/media?parent=1994"}],"curies":[{"name":"wp","href":"https:\/\/api.w.org\/{rel}","templated":true}]}}