{"id":1475,"date":"2024-01-10T10:48:24","date_gmt":"2024-01-10T09:48:24","guid":{"rendered":"https:\/\/laquijadadellobo.com.mialias.net\/?post_type=product&#038;p=1475"},"modified":"2026-04-19T18:55:13","modified_gmt":"2026-04-19T16:55:13","slug":"la-quijada-del-lobo-casa-rural-completa","status":"publish","type":"product","link":"https:\/\/laquijadadellobo.com\/en\/product\/la-quijada-del-lobo-casa-rural-completa\/","title":{"rendered":"La Quijada del Lobo, Complete rural house"},"content":{"rendered":"<p>[et_pb_section fb_built=\u00bb1&#8243; _builder_version=\u00bb4.16&#8243; custom_padding=\u00bb0px||||false|false\u00bb global_colors_info=\u00bb{}\u00bb][et_pb_row _builder_version=\u00bb4.16&#8243; background_size=\u00bbinitial\u00bb background_position=\u00bbtop_left\u00bb background_repeat=\u00bbrepeat\u00bb width=\u00bb100%\u00bb custom_padding=\u00bb0px||0px||false|false\u00bb global_colors_info=\u00bb{}\u00bb][et_pb_column type=\u00bb4_4&#8243; _builder_version=\u00bb4.16&#8243; custom_padding=\u00bb|||\u00bb global_colors_info=\u00bb{}\u00bb custom_padding__hover=\u00bb|||\u00bb][et_pb_wc_breadcrumb _builder_version=\u00bb4.16&#8243; global_colors_info=\u00bb{}\u00bb][\/et_pb_wc_breadcrumb][et_pb_wc_cart_notice _builder_version=\u00bb4.16&#8243; global_colors_info=\u00bb{}\u00bb][\/et_pb_wc_cart_notice][\/et_pb_column][\/et_pb_row][et_pb_row column_structure=\u00bb1_2,1_2&#8243; _builder_version=\u00bb4.16&#8243; background_size=\u00bbinitial\u00bb background_position=\u00bbtop_left\u00bb background_repeat=\u00bbrepeat\u00bb width=\u00bb100%\u00bb custom_padding=\u00bb0px||||false|false\u00bb global_colors_info=\u00bb{}\u00bb][et_pb_column type=\u00bb1_2&#8243; _builder_version=\u00bb4.16&#8243; custom_padding=\u00bb|||\u00bb global_colors_info=\u00bb{}\u00bb custom_padding__hover=\u00bb|||\u00bb][et_pb_wc_images _builder_version=\u00bb4.16&#8243; global_colors_info=\u00bb{}\u00bb][\/et_pb_wc_images][\/et_pb_column][et_pb_column type=\u00bb1_2&#8243; _builder_version=\u00bb4.16&#8243; custom_padding=\u00bb|||\u00bb global_colors_info=\u00bb{}\u00bb custom_padding__hover=\u00bb|||\u00bb][et_pb_wc_title _builder_version=\u00bb4.16&#8243; global_colors_info=\u00bb{}\u00bb][\/et_pb_wc_title][et_pb_wc_rating _builder_version=\u00bb4.16&#8243; global_colors_info=\u00bb{}\u00bb][\/et_pb_wc_rating][et_pb_wc_price _builder_version=\u00bb4.16&#8243; global_colors_info=\u00bb{}\u00bb][\/et_pb_wc_price][et_pb_wc_description _builder_version=\u00bb4.16&#8243; global_colors_info=\u00bb{}\u00bb][\/et_pb_wc_description][et_pb_wc_add_to_cart _builder_version=\u00bb4.16&#8243; global_colors_info=\u00bb{}\u00bb][\/et_pb_wc_add_to_cart][et_pb_wc_meta _builder_version=\u00bb4.16&#8243; global_colors_info=\u00bb{}\u00bb][\/et_pb_wc_meta][\/et_pb_column][\/et_pb_row][et_pb_row _builder_version=\u00bb4.27.4&#8243; _module_preset=\u00bbdefault\u00bb][et_pb_column _builder_version=\u00bb4.27.4&#8243; _module_preset=\u00bbdefault\u00bb type=\u00bb4_4&#8243;][et_pb_code _builder_version=\u00bb4.27.4&#8243; _module_preset=\u00bbdefault\u00bb hover_enabled=\u00bb0&#8243; sticky_enabled=\u00bb0&#8243;]\n    <div class=\"TMrPlanPlugin_BarraIdiomas\">\n        <a href=\"https:\/\/laquijadadellobo.com\/en\/en\/wp-json\/wp\/v2\/product\/1475?id_idioma=0\" title=\"Spanish\" id=\"TMrPlanPlugin_BarraIdiomas_0\">\n        <img decoding=\"async\" class=\"TMrPlanPlugin_BarraIdiomas_Check\" alt=\"Spanish\" src=\"https:\/\/laquijadadellobo.com\/wp-content\/plugins\/misterplan\/\/assets\/images\/languages\/bandera_0_blanco.png\">\n    <\/a>\n        <a href=\"https:\/\/laquijadadellobo.com\/en\/en\/wp-json\/wp\/v2\/product\/1475?id_idioma=1\" title=\"English\" id=\"TMrPlanPlugin_BarraIdiomas_1\">\n        <img decoding=\"async\" class=\"\" alt=\"English\" src=\"https:\/\/laquijadadellobo.com\/wp-content\/plugins\/misterplan\/\/assets\/images\/languages\/bandera_1_blanco.png\">\n    <\/a>\n        <a href=\"https:\/\/laquijadadellobo.com\/en\/en\/wp-json\/wp\/v2\/product\/1475?id_idioma=2\" title=\"Portuguese\" id=\"TMrPlanPlugin_BarraIdiomas_2\">\n        <img decoding=\"async\" class=\"\" alt=\"Portuguese\" src=\"https:\/\/laquijadadellobo.com\/wp-content\/plugins\/misterplan\/\/assets\/images\/languages\/bandera_2_blanco.png\">\n    <\/a>\n        <a href=\"https:\/\/laquijadadellobo.com\/en\/en\/wp-json\/wp\/v2\/product\/1475?id_idioma=3\" title=\"French\" id=\"TMrPlanPlugin_BarraIdiomas_3\">\n        <img decoding=\"async\" class=\"\" alt=\"French\" src=\"https:\/\/laquijadadellobo.com\/wp-content\/plugins\/misterplan\/\/assets\/images\/languages\/bandera_3_blanco.png\">\n    <\/a>\n        <a href=\"https:\/\/laquijadadellobo.com\/en\/en\/wp-json\/wp\/v2\/product\/1475?id_idioma=4\" title=\"Italian\" id=\"TMrPlanPlugin_BarraIdiomas_4\">\n        <img decoding=\"async\" class=\"\" alt=\"Italian\" src=\"https:\/\/laquijadadellobo.com\/wp-content\/plugins\/misterplan\/\/assets\/images\/languages\/bandera_4_blanco.png\">\n    <\/a>\n        <a href=\"https:\/\/laquijadadellobo.com\/en\/en\/wp-json\/wp\/v2\/product\/1475?id_idioma=5\" title=\"German\" id=\"TMrPlanPlugin_BarraIdiomas_5\">\n        <img decoding=\"async\" class=\"\" alt=\"German\" src=\"https:\/\/laquijadadellobo.com\/wp-content\/plugins\/misterplan\/\/assets\/images\/languages\/bandera_5_blanco.png\">\n    <\/a>\n        <a href=\"https:\/\/laquijadadellobo.com\/en\/en\/wp-json\/wp\/v2\/product\/1475?id_idioma=6\" title=\"Catalan\" id=\"TMrPlanPlugin_BarraIdiomas_6\">\n        <img decoding=\"async\" class=\"\" alt=\"Catalan\" src=\"https:\/\/laquijadadellobo.com\/wp-content\/plugins\/misterplan\/\/assets\/images\/languages\/bandera_6_blanco.png\">\n    <\/a>\n        <a href=\"https:\/\/laquijadadellobo.com\/en\/en\/wp-json\/wp\/v2\/product\/1475?id_idioma=7\" title=\"Galician\" id=\"TMrPlanPlugin_BarraIdiomas_7\">\n        <img decoding=\"async\" class=\"\" alt=\"Galician\" src=\"https:\/\/laquijadadellobo.com\/wp-content\/plugins\/misterplan\/\/assets\/images\/languages\/bandera_7_blanco.png\">\n    <\/a>\n        <a href=\"https:\/\/laquijadadellobo.com\/en\/en\/wp-json\/wp\/v2\/product\/1475?id_idioma=8\" title=\"Basque\" id=\"TMrPlanPlugin_BarraIdiomas_8\">\n        <img decoding=\"async\" class=\"\" alt=\"Basque\" src=\"https:\/\/laquijadadellobo.com\/wp-content\/plugins\/misterplan\/\/assets\/images\/languages\/bandera_8_blanco.png\">\n    <\/a>\n    <\/div><!-- MISTERPLAN PLUGIN 1.1.45-->\n<!-- MISTERPLAN PLUGIN MOTOR TIPO 1 ID ELEMENTO 585371 DESTINO 1 PV 9494-->\n<script>\n\n    if(typeof jQuery !== 'undefined'){\n        var iCl = jQuery.noConflict();\n    }\n    window.addEventListener('load', function(){\n        setTimeout(function(){\n\n            if(typeof jQuery !== 'undefined' && typeof iCl !== 'function'){\n                var iCl = jQuery.noConflict();\n            }\n            var script = document.createElement('script');\n            script.src = 'https:\/\/www.mrplan.es\/experiencias\/modulos\/TWidget\/lib\/TWidgetInc.php';\n            document.getElementById('MrPlanPlugin_MotorScript').appendChild(script);\n        }, 1000);\n       \n    });\n<\/script>\n<div id=\"MrPlanPlugin_MotorScript\"><\/div>\n<div class=\"MrPlanPlugin_MotorContainer MrPlanPlugin_MotorContainer_1\" style=\"max-width:700px;\">\n\n\t<div nowprocket id=\"TEwsBuscadorB-1-1-585371-\" \n\t\tclass=\"TEwsWidgetInc capa_izq ancho_total\"\n\t\tTEws_id_idioma=\"0\"\n        url_confirmacion=\"https:\/\/laquijadadellobo.com\/en\/confirmacion-de-reserva\/\"\t\t\n        TEws_id_elemento=\"585371\"\n        TEws_tipo_elemento=\"1\"\n        TEws_Hash=\"f9c553ca8b8bc100b7bbc66bd625cbb2b75630d5\"\n        TEws_id_destino=\"1\"\n        TEws_id_puntoventa=\"9494\"\n        TEws_autoload=\"0\"\n        TEws_fecha_ini=\"\"\n        TEws_n_noches=\"2\"\n        TEws_visualFilterOccupancy=\"0\" \n        w_contenido=\"completa\"\n\t\tBudgetV=\"2\" \n        mini_preview_V=\"2\" \n        TEws_onSearch=\"\" \n        TEws_version=\"12\" \n        TEws_tipo_widget=\"1\" \n        BV7_tipo_inicio=\"0\" \n        BV7_cambio_inicio=\"0\" \n        TEws_quitar_cabecera=\"0\" \n        TEws_iniciar_cerrado=\"0\" \n        TEws_bus_texto=\"0\" \n        TEws_sel_dispo=\"1\" \n        TEws_form_contacto=\"0\"  \n        TEws_result_in_esl=\"0\" \n        TEws_result_in_ext=\"0\" \n        TEws_cerrar_buscar=\"0\" \n        TEws_ver_resto_casas=\"0\" \n        TEws_activar_mas_menos=\"1\" \n        TEws_posicion=\"original\" \n        TEws_formato=\"2\" \n        TEws_formato_ficha=\"10\" \n        TEws_CoreSearch_V=\"7\"  \n        TEws_id_categoria=\"0\" \n        TEws_modo=\"RES\"  \n        TEws_radio=\"0\"\n        TEsw_filtro_exp=\"\" \n        TEws_filtro_casa=\"\" \n                TEws_cod_habitacion=\"585371-0\"\n                TEwsResultadoCoreSearch=\"TEwsResultCoreSearch-1-1-585371-\" \n        alt=\"MisterPlan  - Powered by RuralGest  - http:\/\/www.misterplan.es\" \n\t\ttitle_NO=\"MisterPlan  - Powered by RuralGest \"\n\t>\n        <div class=\"TMrPlanPlugin_Loading\">\n            <img decoding=\"async\" src=\"https:\/\/laquijadadellobo.com\/wp-content\/plugins\/misterplan\/assets\/images\/loading.svg\">\n        <\/div>\n    <\/div>\n    <div id=\"TEwsResultCoreSearch-1-1-585371-\" class=\"capa_izq TEwsBuscador_Experiencias_evnt\" style=\"width: 100%; margin-top: 20px;\" ><\/div> \n<\/div>\n[\/et_pb_code][\/et_pb_column][\/et_pb_row][et_pb_row _builder_version=\u00bb4.16&#8243; background_size=\u00bbinitial\u00bb background_position=\u00bbtop_left\u00bb background_repeat=\u00bbrepeat\u00bb width=\u00bb100%\u00bb global_colors_info=\u00bb{}\u00bb][et_pb_column type=\u00bb4_4&#8243; _builder_version=\u00bb4.16&#8243; custom_padding=\u00bb|||\u00bb global_colors_info=\u00bb{}\u00bb custom_padding__hover=\u00bb|||\u00bb][et_pb_wc_tabs _builder_version=\u00bb4.16&#8243; global_colors_info=\u00bb{}\u00bb]\t\t\t\t\t[\/et_pb_wc_tabs][et_pb_wc_upsells _builder_version=\u00bb4.16&#8243; global_colors_info=\u00bb{}\u00bb][\/et_pb_wc_upsells][et_pb_wc_related_products _builder_version=\u00bb4.16&#8243; global_colors_info=\u00bb{}\u00bb][\/et_pb_wc_related_products][\/et_pb_column][\/et_pb_row][\/et_pb_section]<\/p>\n","protected":false},"excerpt":{"rendered":"<ul>\n<li style=\"font-weight: 400;\" aria-level=\"1\"><span style=\"font-weight: 400;\"><strong>Accommodation<\/strong> 14 people<\/span><\/li>\n<li style=\"font-weight: 400;\" aria-level=\"1\"><span style=\"font-weight: 400;\"><strong>Size<\/strong> 200 m\u00b2<\/span><\/li>\n<li style=\"font-weight: 400;\" aria-level=\"1\"><span style=\"font-weight: 400;\"><strong>Dormitorios:<\/strong> 5 double beds, with the following bed measurements: 3 of 135, 1 of 150 and 1 of 180.\u00a0<\/span><\/li>\n<li style=\"font-weight: 400;\" aria-level=\"1\"><span style=\"font-weight: 400;\"><strong>Extra beds:<\/strong> 2 of 90\u00a0<\/span><\/li>\n<li style=\"font-weight: 400;\" aria-level=\"1\"><span style=\"font-weight: 400;\"><strong>Sof\u00e1 cama:<\/strong> a huge one of 300 x 140<\/span><\/li>\n<\/ul>\n<p>&nbsp;<\/p>","protected":false},"featured_media":2387,"comment_status":"open","ping_status":"closed","template":"","meta":{"_acf_changed":false,"_et_pb_use_builder":"on","_et_pb_old_content":"<span style=\"font-weight: 400\">Se ofrece en alquiler la <strong>CASA COMPLETA,<\/strong> una impresionante propiedad de 200m2, ubicada en una extensa parcela de m\u00e1s de una hect\u00e1rea de terreno que incluye piscina privada. La casa cuenta con 5 dormitorios matrimoniales y 3 ba\u00f1os completos, garantizando la exclusividad total para quienes la alquilan.<\/span>\r\n\r\n<span style=\"font-weight: 400\">El amplio sal\u00f3n destaca por su cocina americana completamente equipada con electrodom\u00e9sticos de alta gama, como horno, microondas, lavavajillas, dos frigor\u00edficos y placa de inducci\u00f3n con campana extractora. Adem\u00e1s, dispone de menaje de cocina completo, tostador industrial XL y una espaciosa mesa de comedor. El \u00e1rea de descanso ofrece comodidades como un sof\u00e1 de 12 plazas en forma de \u00abU\u00bb, convertible en una cama de 300\u00d7140, y un acogedor porche con mobiliario exterior.<\/span>\r\n\r\n<span style=\"font-weight: 400\">La casa est\u00e1 equipada con todas las comodidades modernas, incluyendo chimenea, calefacci\u00f3n individual en todas las habitaciones (tambi\u00e9n en los ba\u00f1os), aire acondicionado en todas las estancias, WIFI, una smart TV de 65\u201d Qled con google tv, videoconsola Xbox 360 y una variada selecci\u00f3n de m\u00e1s de 120 pel\u00edculas originales en DVD. La propiedad cuenta con una peque\u00f1a biblioteca para adultos y cuentos infantiles, equipo de sonido, juegos de mesa y una zona infantil con cama el\u00e1stica, arenero, mini porter\u00edas de f\u00fatbol, juguetes... Adem\u00e1s, se incluye una miniramp de skate, zona de barbacoa, rosco y paellera, lavadero con lavadora y secadora y un parking.<\/span>\r\n\r\n<span style=\"font-weight: 400\">Las camas en los 5 dormitorios tienen las siguientes dimensiones: 3 camas de 135, una de 150 y otra de 180.\u00a0<\/span>\r\n\r\n<span style=\"font-weight: 400\">Se ofrece la opci\u00f3n de 2 camas supletorias individuales.<\/span>\r\n\r\n<span style=\"font-weight: 400\">Todas las ventanas cuentan con mosquiteras para mayor comodidad.<\/span>\r\n\r\n<span style=\"font-weight: 400\">La casa se encuentra rodeada por bellas monta\u00f1as de encinas y por la ribera de Los Molinos, ofreciendo un entorno donde se puede disfrutar de aire puro, el canto de aves como perdices y t\u00f3rtolas, y la caracter\u00edstica berrea de los ciervos de la zona. Este remanso de paz y serenidad est\u00e1 alejado del bullicio de las ciudades, creando el escenario perfecto para desconectar del estr\u00e9s diario y conectarse con la naturaleza, sin renunciar al confort.<\/span>\r\n\r\n<span style=\"font-weight: 400\">La propiedad se alquila en su totalidad por un m\u00ednimo de dos noches. Para entradas antes de las 16h o salidas despu\u00e9s de las 12h, se requiere una consulta previa y un pago adicional de 50\u20ac por cada opci\u00f3n.<\/span>\r\n\r\n<span style=\"font-weight: 400\">Mascotas bienvenidas.<\/span>","_et_gb_content_width":"","inline_featured_image":false,"_joinchat":[]},"product_brand":[],"product_cat":[27],"product_tag":[33,35],"class_list":{"0":"post-1475","1":"product","2":"type-product","3":"status-publish","4":"has-post-thumbnail","6":"product_cat-casa-completa","7":"product_tag-casa-rural","8":"product_tag-llerena","10":"first","11":"instock","12":"featured","13":"virtual","14":"taxable","15":"product-type-simple"},"acf":[],"yoast_head":"<!-- This site is optimized with the Yoast SEO plugin v27.5 - https:\/\/yoast.com\/product\/yoast-seo-wordpress\/ -->\n<title>La Quijada del Lobo, Casa Rural completa - La Quijada del Lobo<\/title>\n<meta name=\"description\" content=\"Disfruta de una experiencia exclusiva al alquilar nuestra casa rural completa. Con 5 dormitorios matrimoniales, 3 ba\u00f1os completos, piscina y zona infantil.\" \/>\n<meta name=\"robots\" content=\"index, follow, max-snippet:-1, max-image-preview:large, max-video-preview:-1\" \/>\n<link rel=\"canonical\" href=\"https:\/\/laquijadadellobo.com\/en\/product\/la-quijada-del-lobo-casa-rural-completa\/\" \/>\n<meta property=\"og:locale\" content=\"en_GB\" \/>\n<meta property=\"og:type\" content=\"article\" \/>\n<meta property=\"og:title\" content=\"La Quijada del Lobo Casa Rural\" \/>\n<meta property=\"og:description\" content=\"Disfruta de una experiencia exclusiva al alquilar nuestra impresionante casa completa. Con 5 dormitorios matrimoniales, 3 ba\u00f1os completos y piscinas privadas, te invitamos a sumergirte en el lujo y la comodidad en una extensa parcela de m\u00e1s de una hect\u00e1rea de terreno. \u00a1Haz de tu estancia una experiencia inolvidable!\" \/>\n<meta property=\"og:url\" content=\"https:\/\/laquijadadellobo.com\/en\/product\/la-quijada-del-lobo-casa-rural-completa\/\" \/>\n<meta property=\"og:site_name\" content=\"La Quijada del Lobo\" \/>\n<meta property=\"article:modified_time\" content=\"2026-04-19T16:55:13+00:00\" \/>\n<meta property=\"og:image\" content=\"https:\/\/laquijadadellobo.com\/wp-content\/uploads\/2024\/01\/1642261390332.jpg\" \/>\n\t<meta property=\"og:image:width\" content=\"1312\" \/>\n\t<meta property=\"og:image:height\" content=\"1234\" \/>\n\t<meta property=\"og:image:type\" content=\"image\/jpeg\" \/>\n<meta name=\"twitter:card\" content=\"summary_large_image\" \/>\n<meta name=\"twitter:label1\" content=\"Estimated reading time\" \/>\n\t<meta name=\"twitter:data1\" content=\"3 minutes\" \/>\n<script type=\"application\/ld+json\" class=\"yoast-schema-graph\">{\"@context\":\"https:\\\/\\\/schema.org\",\"@graph\":[{\"@type\":\"WebPage\",\"@id\":\"https:\\\/\\\/laquijadadellobo.com\\\/producto\\\/la-quijada-del-lobo-casa-rural-completa\\\/\",\"url\":\"https:\\\/\\\/laquijadadellobo.com\\\/producto\\\/la-quijada-del-lobo-casa-rural-completa\\\/\",\"name\":\"La Quijada del Lobo, Casa Rural completa - La Quijada del Lobo\",\"isPartOf\":{\"@id\":\"https:\\\/\\\/laquijadadellobo.com\\\/#website\"},\"primaryImageOfPage\":{\"@id\":\"https:\\\/\\\/laquijadadellobo.com\\\/producto\\\/la-quijada-del-lobo-casa-rural-completa\\\/#primaryimage\"},\"image\":{\"@id\":\"https:\\\/\\\/laquijadadellobo.com\\\/producto\\\/la-quijada-del-lobo-casa-rural-completa\\\/#primaryimage\"},\"thumbnailUrl\":\"https:\\\/\\\/laquijadadellobo.com\\\/wp-content\\\/uploads\\\/2024\\\/05\\\/6-1.jpg\",\"datePublished\":\"2024-01-10T09:48:24+00:00\",\"dateModified\":\"2026-04-19T16:55:13+00:00\",\"description\":\"Disfruta de una experiencia exclusiva al alquilar nuestra casa rural completa. Con 5 dormitorios matrimoniales, 3 ba\u00f1os completos, piscina y zona infantil.\",\"breadcrumb\":{\"@id\":\"https:\\\/\\\/laquijadadellobo.com\\\/producto\\\/la-quijada-del-lobo-casa-rural-completa\\\/#breadcrumb\"},\"inLanguage\":\"en-GB\",\"potentialAction\":[{\"@type\":\"ReadAction\",\"target\":[\"https:\\\/\\\/laquijadadellobo.com\\\/producto\\\/la-quijada-del-lobo-casa-rural-completa\\\/\"]}]},{\"@type\":\"ImageObject\",\"inLanguage\":\"en-GB\",\"@id\":\"https:\\\/\\\/laquijadadellobo.com\\\/producto\\\/la-quijada-del-lobo-casa-rural-completa\\\/#primaryimage\",\"url\":\"https:\\\/\\\/laquijadadellobo.com\\\/wp-content\\\/uploads\\\/2024\\\/05\\\/6-1.jpg\",\"contentUrl\":\"https:\\\/\\\/laquijadadellobo.com\\\/wp-content\\\/uploads\\\/2024\\\/05\\\/6-1.jpg\",\"width\":1500,\"height\":1000},{\"@type\":\"BreadcrumbList\",\"@id\":\"https:\\\/\\\/laquijadadellobo.com\\\/producto\\\/la-quijada-del-lobo-casa-rural-completa\\\/#breadcrumb\",\"itemListElement\":[{\"@type\":\"ListItem\",\"position\":1,\"name\":\"Portada\",\"item\":\"https:\\\/\\\/laquijadadellobo.com\\\/\"},{\"@type\":\"ListItem\",\"position\":2,\"name\":\"Tienda\",\"item\":\"https:\\\/\\\/laquijadadellobo.com\\\/tienda\\\/\"},{\"@type\":\"ListItem\",\"position\":3,\"name\":\"La Quijada del Lobo, Casa Rural completa\"}]},{\"@type\":\"WebSite\",\"@id\":\"https:\\\/\\\/laquijadadellobo.com\\\/#website\",\"url\":\"https:\\\/\\\/laquijadadellobo.com\\\/\",\"name\":\"La Quijada del Lobo\",\"description\":\"Bienvenidos a la Quijada del Lobo, un remanso de Paz. Alojamiento tur\u00edstico en Llerena, Badajoz\",\"potentialAction\":[{\"@type\":\"SearchAction\",\"target\":{\"@type\":\"EntryPoint\",\"urlTemplate\":\"https:\\\/\\\/laquijadadellobo.com\\\/?s={search_term_string}\"},\"query-input\":{\"@type\":\"PropertyValueSpecification\",\"valueRequired\":true,\"valueName\":\"search_term_string\"}}],\"inLanguage\":\"en-GB\"}]}<\/script>\n<!-- \/ Yoast SEO plugin. -->","yoast_head_json":{"title":"La Quijada del Lobo, Casa Rural completa - La Quijada del Lobo","description":"Disfruta de una experiencia exclusiva al alquilar nuestra casa rural completa. Con 5 dormitorios matrimoniales, 3 ba\u00f1os completos, piscina y zona infantil.","robots":{"index":"index","follow":"follow","max-snippet":"max-snippet:-1","max-image-preview":"max-image-preview:large","max-video-preview":"max-video-preview:-1"},"canonical":"https:\/\/laquijadadellobo.com\/en\/product\/la-quijada-del-lobo-casa-rural-completa\/","og_locale":"en_GB","og_type":"article","og_title":"La Quijada del Lobo Casa Rural","og_description":"Disfruta de una experiencia exclusiva al alquilar nuestra impresionante casa completa. Con 5 dormitorios matrimoniales, 3 ba\u00f1os completos y piscinas privadas, te invitamos a sumergirte en el lujo y la comodidad en una extensa parcela de m\u00e1s de una hect\u00e1rea de terreno. \u00a1Haz de tu estancia una experiencia inolvidable!","og_url":"https:\/\/laquijadadellobo.com\/en\/product\/la-quijada-del-lobo-casa-rural-completa\/","og_site_name":"La Quijada del Lobo","article_modified_time":"2026-04-19T16:55:13+00:00","og_image":[{"width":1312,"height":1234,"url":"https:\/\/laquijadadellobo.com\/wp-content\/uploads\/2024\/01\/1642261390332.jpg","type":"image\/jpeg"}],"twitter_card":"summary_large_image","twitter_misc":{"Estimated reading time":"3 minutes"},"schema":{"@context":"https:\/\/schema.org","@graph":[{"@type":"WebPage","@id":"https:\/\/laquijadadellobo.com\/producto\/la-quijada-del-lobo-casa-rural-completa\/","url":"https:\/\/laquijadadellobo.com\/producto\/la-quijada-del-lobo-casa-rural-completa\/","name":"La Quijada del Lobo, Casa Rural completa - La Quijada del Lobo","isPartOf":{"@id":"https:\/\/laquijadadellobo.com\/#website"},"primaryImageOfPage":{"@id":"https:\/\/laquijadadellobo.com\/producto\/la-quijada-del-lobo-casa-rural-completa\/#primaryimage"},"image":{"@id":"https:\/\/laquijadadellobo.com\/producto\/la-quijada-del-lobo-casa-rural-completa\/#primaryimage"},"thumbnailUrl":"https:\/\/laquijadadellobo.com\/wp-content\/uploads\/2024\/05\/6-1.jpg","datePublished":"2024-01-10T09:48:24+00:00","dateModified":"2026-04-19T16:55:13+00:00","description":"Disfruta de una experiencia exclusiva al alquilar nuestra casa rural completa. Con 5 dormitorios matrimoniales, 3 ba\u00f1os completos, piscina y zona infantil.","breadcrumb":{"@id":"https:\/\/laquijadadellobo.com\/producto\/la-quijada-del-lobo-casa-rural-completa\/#breadcrumb"},"inLanguage":"en-GB","potentialAction":[{"@type":"ReadAction","target":["https:\/\/laquijadadellobo.com\/producto\/la-quijada-del-lobo-casa-rural-completa\/"]}]},{"@type":"ImageObject","inLanguage":"en-GB","@id":"https:\/\/laquijadadellobo.com\/producto\/la-quijada-del-lobo-casa-rural-completa\/#primaryimage","url":"https:\/\/laquijadadellobo.com\/wp-content\/uploads\/2024\/05\/6-1.jpg","contentUrl":"https:\/\/laquijadadellobo.com\/wp-content\/uploads\/2024\/05\/6-1.jpg","width":1500,"height":1000},{"@type":"BreadcrumbList","@id":"https:\/\/laquijadadellobo.com\/producto\/la-quijada-del-lobo-casa-rural-completa\/#breadcrumb","itemListElement":[{"@type":"ListItem","position":1,"name":"Portada","item":"https:\/\/laquijadadellobo.com\/"},{"@type":"ListItem","position":2,"name":"Tienda","item":"https:\/\/laquijadadellobo.com\/tienda\/"},{"@type":"ListItem","position":3,"name":"La Quijada del Lobo, Casa Rural completa"}]},{"@type":"WebSite","@id":"https:\/\/laquijadadellobo.com\/#website","url":"https:\/\/laquijadadellobo.com\/","name":"La Quijada del Lobo","description":"Bienvenidos a la Quijada del Lobo, un remanso de Paz. Alojamiento tur\u00edstico en Llerena, Badajoz","potentialAction":[{"@type":"SearchAction","target":{"@type":"EntryPoint","urlTemplate":"https:\/\/laquijadadellobo.com\/?s={search_term_string}"},"query-input":{"@type":"PropertyValueSpecification","valueRequired":true,"valueName":"search_term_string"}}],"inLanguage":"en-GB"}]}},"_links":{"self":[{"href":"https:\/\/laquijadadellobo.com\/en\/wp-json\/wp\/v2\/product\/1475","targetHints":{"allow":["GET"]}}],"collection":[{"href":"https:\/\/laquijadadellobo.com\/en\/wp-json\/wp\/v2\/product"}],"about":[{"href":"https:\/\/laquijadadellobo.com\/en\/wp-json\/wp\/v2\/types\/product"}],"replies":[{"embeddable":true,"href":"https:\/\/laquijadadellobo.com\/en\/wp-json\/wp\/v2\/comments?post=1475"}],"wp:featuredmedia":[{"embeddable":true,"href":"https:\/\/laquijadadellobo.com\/en\/wp-json\/wp\/v2\/media\/2387"}],"wp:attachment":[{"href":"https:\/\/laquijadadellobo.com\/en\/wp-json\/wp\/v2\/media?parent=1475"}],"wp:term":[{"taxonomy":"product_brand","embeddable":true,"href":"https:\/\/laquijadadellobo.com\/en\/wp-json\/wp\/v2\/product_brand?post=1475"},{"taxonomy":"product_cat","embeddable":true,"href":"https:\/\/laquijadadellobo.com\/en\/wp-json\/wp\/v2\/product_cat?post=1475"},{"taxonomy":"product_tag","embeddable":true,"href":"https:\/\/laquijadadellobo.com\/en\/wp-json\/wp\/v2\/product_tag?post=1475"}],"curies":[{"name":"wp","href":"https:\/\/api.w.org\/{rel}","templated":true}]}}